{"id":3751,"date":"2024-11-06T13:37:46","date_gmt":"2024-11-06T17:37:46","guid":{"rendered":"https:\/\/venfort.com\/?page_id=3751"},"modified":"2024-11-06T14:32:36","modified_gmt":"2024-11-06T18:32:36","slug":"economic-and-international-criminal-law","status":"publish","type":"page","link":"https:\/\/venfort.com\/en\/servicios\/derecho-penal-economico-y-penal-internacional\/","title":{"rendered":"Economic and international criminal law"},"content":{"rendered":"<div data-elementor-type=\"wp-page\" data-elementor-id=\"3751\" class=\"elementor elementor-3751\">\n\t\t\t\t<div class=\"elementor-element elementor-element-c48d734 e-con-full e-flex e-con e-parent\" data-id=\"c48d734\" data-element_type=\"container\" data-e-type=\"container\" data-settings=\"{&quot;background_background&quot;:&quot;classic&quot;}\">\n\t\t<div class=\"elementor-element elementor-element-a8982e5 e-con-full e-flex e-con e-child\" data-id=\"a8982e5\" data-element_type=\"container\" data-e-type=\"container\">\n\t\t\t\t<\/div>\n\t\t<div class=\"elementor-element elementor-element-ec950f0 e-con-full animated-slow e-flex elementor-invisible e-con e-child\" data-id=\"ec950f0\" data-element_type=\"container\" data-e-type=\"container\" data-settings=\"{&quot;background_background&quot;:&quot;classic&quot;,&quot;animation&quot;:&quot;slideInRight&quot;,&quot;animation_delay&quot;:300}\">\n\t\t\t\t<div class=\"elementor-element elementor-element-8960759 elementor-widget elementor-widget-heading\" data-id=\"8960759\" data-element_type=\"widget\" data-e-type=\"widget\" data-widget_type=\"heading.default\">\n\t\t\t\t<div class=\"elementor-widget-container\">\n\t\t\t\t\t<h1 class=\"elementor-heading-title elementor-size-default\">SERVICES<\/h1>\t\t\t\t<\/div>\n\t\t\t\t<\/div>\n\t\t\t\t<\/div>\n\t\t\t\t<\/div>\n\t\t<div class=\"elementor-element elementor-element-458e889 e-flex e-con-boxed e-con e-parent\" data-id=\"458e889\" data-element_type=\"container\" data-e-type=\"container\">\n\t\t\t\t\t<div class=\"e-con-inner\">\n\t\t<div class=\"elementor-element elementor-element-2d78a04 e-flex e-con-boxed e-con e-child\" data-id=\"2d78a04\" data-element_type=\"container\" data-e-type=\"container\" data-settings=\"{&quot;background_background&quot;:&quot;classic&quot;}\">\n\t\t\t\t\t<div class=\"e-con-inner\">\n\t\t\t\t<div class=\"elementor-element elementor-element-2843ee8 elementor-widget elementor-widget-heading\" data-id=\"2843ee8\" data-element_type=\"widget\" data-e-type=\"widget\" data-widget_type=\"heading.default\">\n\t\t\t\t<div class=\"elementor-widget-container\">\n\t\t\t\t\t<h2 class=\"elementor-heading-title elementor-size-small\">Economic and international criminal law<\/h2>\t\t\t\t<\/div>\n\t\t\t\t<\/div>\n\t\t\t\t<div class=\"elementor-element elementor-element-f631fbe elementor-widget elementor-widget-text-editor\" data-id=\"f631fbe\" data-element_type=\"widget\" data-e-type=\"widget\" data-widget_type=\"text-editor.default\">\n\t\t\t\t<div class=\"elementor-widget-container\">\n\t\t\t\t\t\t\t\t\t<p><\/p><p>\"<em>Experts in devising defensive and offensive strategies, with a high success rate in trials and dispute resolutions for private clients\"<\/em><\/p><p><\/p><p>We have a team of attorneys specialized in criminal law in Spain and Venezuela with more than 20 years of experience. We have effectively led high profile trials in both countries for our clients, in the area of <strong>economic criminal law and international criminal law<\/strong>, in which our team of litigation attorneys and prestigious former prosecutors have stood out.<\/p><p><\/p><p><\/p><p>We are experts in representing victims and citizens under investigation by international courts.<\/p><p><\/p><p><\/p><p>Our clients include executives of financial institutions, transnational corporations and embassies.<\/p><p><\/p><p><\/p><h3 style=\"text-align: left;\">1.- DEFENSE AND PROSECUTION FOR ECONOMIC CRIMES:<\/h3><p><\/p><p><\/p><ul class=\"wp-block-list\"><li style=\"list-style-type: none;\"><ul class=\"wp-block-list\"><li>Tax offenses (against the tax authorities, social security, and grant fraud).<\/li><\/ul><\/li><\/ul><p> <\/p><ul class=\"wp-block-list\"><li style=\"list-style-type: none;\"><ul class=\"wp-block-list\"><li>Fraud and other crimes against property (misappropriation and swindling).<\/li><\/ul><\/li><\/ul><p> <\/p><ul class=\"wp-block-list\"><li style=\"list-style-type: none;\"><ul class=\"wp-block-list\"><li>Bankruptcy fraud crimes.<\/li><\/ul><\/li><\/ul><p> <\/p><ul class=\"wp-block-list\"><li style=\"list-style-type: none;\"><ul class=\"wp-block-list\"><li>Embezzlement.<\/li><\/ul><\/li><\/ul><p> <\/p><ul class=\"wp-block-list\"><li style=\"list-style-type: none;\"><ul class=\"wp-block-list\"><li>Money laundering<\/li><\/ul><\/li><\/ul><p> <\/p><ul class=\"wp-block-list\"><li style=\"list-style-type: none;\"><ul class=\"wp-block-list\"><li>Crimes against workers\u2019 rights.<\/li><\/ul><\/li><\/ul><p> <\/p><ul class=\"wp-block-list\"><li style=\"list-style-type: none;\"><ul class=\"wp-block-list\"><li>Crimes against industrial and intellectual property.<\/li><\/ul><\/li><\/ul><p> <\/p><ul class=\"wp-block-list\"><li style=\"list-style-type: none;\"><ul class=\"wp-block-list\"><li>Crimes against the market and consumers.<\/li><\/ul><\/li><\/ul><p> <\/p><ul class=\"wp-block-list\"><li style=\"list-style-type: none;\"><ul class=\"wp-block-list\"><li>Crimes against environmental law and urban planning regulations.<\/li><\/ul><\/li><\/ul><p> <\/p><ul class=\"wp-block-list\"><li style=\"list-style-type: none;\"><ul class=\"wp-block-list\"><li>Crimes against honour.<\/li><\/ul><\/li><\/ul><p> <\/p><ul class=\"wp-block-list\"><li style=\"list-style-type: none;\"><ul class=\"wp-block-list\"><li>Corporate criminal liability.<\/li><\/ul><\/li><\/ul><p> <\/p><ul class=\"wp-block-list\"><li style=\"list-style-type: none;\"><ul class=\"wp-block-list\"><li>Corporate crimes (embezzlement, abusive agreements, infringement of partners\u2019 political and social rights, accounting offenses).<\/li><\/ul><\/li><\/ul><p><\/p><p><\/p><p><\/p><h3>2.- INTERNATIONAL CRIMINAL LAW<\/h3><p><\/p><p><\/p><ul class=\"wp-block-list\"><li style=\"list-style-type: none;\"><ul class=\"wp-block-list\"><li>Counseling and representation of victims and investigated parties in proceedings before the International Criminal Court (ICC).<\/li><\/ul><\/li><\/ul><p> <\/p><ul class=\"wp-block-list\"><li style=\"list-style-type: none;\"><ul class=\"wp-block-list\"><li>Representation before the Inter-American Court of Human Rights.<\/li><\/ul><\/li><\/ul><p> <\/p><ul class=\"wp-block-list\"><li style=\"list-style-type: none;\"><ul class=\"wp-block-list\"><li>Counseling and representation in proceedings before the European Court of Human Rights.<\/li><\/ul><\/li><\/ul><p><\/p><p><\/p><p><\/p><h3 style=\"text-align: left;\">3.- EXTRADITION PROCEEDINGS AND EUROPEAN ARREST WARRANT<\/h3><p><\/p><p><\/p><h3 style=\"text-align: left;\">4.- ARREST WARRANTS AND PREVENTIVE ACTIONS BEFORE INTERPOL<\/h3><p><\/p><p><\/p><h3 style=\"text-align: left;\">5.- INTERNATIONAL LEGAL ASSISTANCE PROCEEDINGS\u00a0\u00a0<\/h3><p><\/p><p><\/p><ul class=\"wp-block-list\"><li style=\"list-style-type: none;\"><ul class=\"wp-block-list\"><li>(Location and recovery of assets, Letters rogatory, Enforcement of judgments)<\/li><\/ul><\/li><\/ul><p><\/p><p><\/p><p><\/p><p><\/p>\t\t\t\t\t\t\t\t<\/div>\n\t\t\t\t<\/div>\n\t\t<div class=\"elementor-element elementor-element-aca7b20 e-con-full e-flex e-con e-child\" data-id=\"aca7b20\" data-element_type=\"container\" data-e-type=\"container\">\n\t\t\t\t<div class=\"elementor-element elementor-element-529b790 premium-lq__none elementor-widget elementor-widget-premium-addon-button\" data-id=\"529b790\" data-element_type=\"widget\" data-e-type=\"widget\" data-widget_type=\"premium-addon-button.default\">\n\t\t\t\t<div class=\"elementor-widget-container\">\n\t\t\t\t\t\n\n\t\t<a class=\"premium-button premium-button-none premium-btn-lg premium-button-none\" href=\"https:\/\/venfort.com\/en\/contact\/\">\n\t\t\t<div class=\"premium-button-text-icon-wrapper\">\n\t\t\t\t\n\t\t\t\t\t\t\t\t\t<span >\n\t\t\t\t\t\tContact us\t\t\t\t\t<\/span>\n\t\t\t\t\t\t\t<\/div>\n\n\t\t\t\n\t\t\t\n\t\t\t\n\t\t<\/a>\n\n\n\t\t\t\t\t\t<\/div>\n\t\t\t\t<\/div>\n\t\t\t\t<\/div>\n\t\t\t\t\t<\/div>\n\t\t\t\t<\/div>\n\t\t\t\t\t<\/div>\n\t\t\t\t<\/div>\n\t\t\t\t<\/div>","protected":false},"excerpt":{"rendered":"<p>SERVICIOS Derecho penal econ\u00f3mico y penal internacional \u201cExpertos en dise\u00f1ar estrategias defensivas y ofensiva, con un gran porcentaje de \u00e9xito en juicios y resoluci\u00f3n de conflictos para clientes privados\u201d Contamos con un equipo de penalistas en Espa\u00f1a y Venezuela con m\u00e1s de 20 a\u00f1os de trayectoria. Hemos liderado con efectividad procesos de alto perfil en [&hellip;]<\/p>\n","protected":false},"author":1,"featured_media":2717,"parent":496,"menu_order":0,"comment_status":"closed","ping_status":"closed","template":"elementor_header_footer","meta":{"inline_featured_image":false,"ocean_post_layout":"","ocean_both_sidebars_style":"","ocean_both_sidebars_content_width":0,"ocean_both_sidebars_sidebars_width":0,"ocean_sidebar":"","ocean_second_sidebar":"","ocean_disable_margins":"enable","ocean_add_body_class":"","ocean_shortcode_before_top_bar":"","ocean_shortcode_after_top_bar":"","ocean_shortcode_before_header":"","ocean_shortcode_after_header":"","ocean_has_shortcode":"","ocean_shortcode_after_title":"","ocean_shortcode_before_footer_widgets":"","ocean_shortcode_after_footer_widgets":"","ocean_shortcode_before_footer_bottom":"","ocean_shortcode_after_footer_bottom":"","ocean_display_top_bar":"default","ocean_display_header":"default","ocean_header_style":"","ocean_center_header_left_menu":"","ocean_custom_header_template":"","ocean_custom_logo":0,"ocean_custom_retina_logo":0,"ocean_custom_logo_max_width":0,"ocean_custom_logo_tablet_max_width":0,"ocean_custom_logo_mobile_max_width":0,"ocean_custom_logo_max_height":0,"ocean_custom_logo_tablet_max_height":0,"ocean_custom_logo_mobile_max_height":0,"ocean_header_custom_menu":"","ocean_menu_typo_font_family":"","ocean_menu_typo_font_subset":"","ocean_menu_typo_font_size":0,"ocean_menu_typo_font_size_tablet":0,"ocean_menu_typo_font_size_mobile":0,"ocean_menu_typo_font_size_unit":"px","ocean_menu_typo_font_weight":"","ocean_menu_typo_font_weight_tablet":"","ocean_menu_typo_font_weight_mobile":"","ocean_menu_typo_transform":"","ocean_menu_typo_transform_tablet":"","ocean_menu_typo_transform_mobile":"","ocean_menu_typo_line_height":0,"ocean_menu_typo_line_height_tablet":0,"ocean_menu_typo_line_height_mobile":0,"ocean_menu_typo_line_height_unit":"","ocean_menu_typo_spacing":0,"ocean_menu_typo_spacing_tablet":0,"ocean_menu_typo_spacing_mobile":0,"ocean_menu_typo_spacing_unit":"","ocean_menu_link_color":"","ocean_menu_link_color_hover":"","ocean_menu_link_color_active":"","ocean_menu_link_background":"","ocean_menu_link_hover_background":"","ocean_menu_link_active_background":"","ocean_menu_social_links_bg":"","ocean_menu_social_hover_links_bg":"","ocean_menu_social_links_color":"","ocean_menu_social_hover_links_color":"","ocean_disable_title":"default","ocean_disable_heading":"default","ocean_post_title":"","ocean_post_subheading":"","ocean_post_title_style":"","ocean_post_title_background_color":"","ocean_post_title_background":0,"ocean_post_title_bg_image_position":"","ocean_post_title_bg_image_attachment":"","ocean_post_title_bg_image_repeat":"","ocean_post_title_bg_image_size":"","ocean_post_title_height":0,"ocean_post_title_bg_overlay":0.5,"ocean_post_title_bg_overlay_color":"","ocean_disable_breadcrumbs":"default","ocean_breadcrumbs_color":"","ocean_breadcrumbs_separator_color":"","ocean_breadcrumbs_links_color":"","ocean_breadcrumbs_links_hover_color":"","ocean_display_footer_widgets":"default","ocean_display_footer_bottom":"default","ocean_custom_footer_template":"","omw_enable_modal_window":"enable","footnotes":""},"class_list":["post-3751","page","type-page","status-publish","has-post-thumbnail","hentry","entry","has-media"],"yoast_head":"<!-- This site is optimized with the Yoast SEO plugin v27.4 - https:\/\/yoast.com\/product\/yoast-seo-wordpress\/ -->\n<title>Derecho penal econ\u00f3mico y penal internacional - VENFORT<\/title>\n<meta name=\"description\" content=\"En derecho penal econ\u00f3mico y penal internacional, contamos con un equipo en Espa\u00f1a y Venezuela con m\u00e1s de 20 a\u00f1os de trayectoria.\" \/>\n<meta name=\"robots\" content=\"index, follow, max-snippet:-1, max-image-preview:large, max-video-preview:-1\" \/>\n<link rel=\"canonical\" href=\"https:\/\/venfort.com\/en\/services\/economic-and-international-criminal-law\/\" \/>\n<meta property=\"og:locale\" content=\"en_US\" \/>\n<meta property=\"og:type\" content=\"article\" \/>\n<meta property=\"og:title\" content=\"Derecho penal econ\u00f3mico y penal internacional - VENFORT\" \/>\n<meta property=\"og:description\" content=\"En derecho penal econ\u00f3mico y penal internacional, contamos con un equipo en Espa\u00f1a y Venezuela con m\u00e1s de 20 a\u00f1os de trayectoria.\" \/>\n<meta property=\"og:url\" content=\"https:\/\/venfort.com\/en\/services\/economic-and-international-criminal-law\/\" \/>\n<meta property=\"og:site_name\" content=\"Venfort\" \/>\n<meta property=\"article:publisher\" content=\"https:\/\/www.facebook.com\/venfortyabogados\" \/>\n<meta property=\"article:modified_time\" content=\"2024-11-06T18:32:36+00:00\" \/>\n<meta property=\"og:image\" content=\"https:\/\/venfort.com\/wp-content\/uploads\/2018\/02\/investigacion-preliminar-corte-penal-internacional.jpg\" \/>\n\t<meta property=\"og:image:width\" content=\"1280\" \/>\n\t<meta property=\"og:image:height\" content=\"876\" \/>\n\t<meta property=\"og:image:type\" content=\"image\/jpeg\" \/>\n<meta name=\"twitter:card\" content=\"summary_large_image\" \/>\n<meta name=\"twitter:site\" content=\"@Venfortabogados\" \/>\n<meta name=\"twitter:label1\" content=\"Est. reading time\" \/>\n\t<meta name=\"twitter:data1\" content=\"2 minutes\" \/>\n<script type=\"application\/ld+json\" class=\"yoast-schema-graph\">{\"@context\":\"https:\\\/\\\/schema.org\",\"@graph\":[{\"@type\":\"WebPage\",\"@id\":\"https:\\\/\\\/venfort.com\\\/es\\\/servicios\\\/derecho-penal-economico-y-penal-internacional\\\/\",\"url\":\"https:\\\/\\\/venfort.com\\\/es\\\/servicios\\\/derecho-penal-economico-y-penal-internacional\\\/\",\"name\":\"Derecho penal econ\u00f3mico y penal internacional - VENFORT\",\"isPartOf\":{\"@id\":\"https:\\\/\\\/venfort.com\\\/#website\"},\"primaryImageOfPage\":{\"@id\":\"https:\\\/\\\/venfort.com\\\/es\\\/servicios\\\/derecho-penal-economico-y-penal-internacional\\\/#primaryimage\"},\"image\":{\"@id\":\"https:\\\/\\\/venfort.com\\\/es\\\/servicios\\\/derecho-penal-economico-y-penal-internacional\\\/#primaryimage\"},\"thumbnailUrl\":\"https:\\\/\\\/venfort.com\\\/wp-content\\\/uploads\\\/2018\\\/02\\\/investigacion-preliminar-corte-penal-internacional.jpg\",\"datePublished\":\"2024-11-06T17:37:46+00:00\",\"dateModified\":\"2024-11-06T18:32:36+00:00\",\"description\":\"En derecho penal econ\u00f3mico y penal internacional, contamos con un equipo en Espa\u00f1a y Venezuela con m\u00e1s de 20 a\u00f1os de trayectoria.\",\"breadcrumb\":{\"@id\":\"https:\\\/\\\/venfort.com\\\/es\\\/servicios\\\/derecho-penal-economico-y-penal-internacional\\\/#breadcrumb\"},\"inLanguage\":\"en-US\",\"potentialAction\":[{\"@type\":\"ReadAction\",\"target\":[\"https:\\\/\\\/venfort.com\\\/es\\\/servicios\\\/derecho-penal-economico-y-penal-internacional\\\/\"]}]},{\"@type\":\"ImageObject\",\"inLanguage\":\"en-US\",\"@id\":\"https:\\\/\\\/venfort.com\\\/es\\\/servicios\\\/derecho-penal-economico-y-penal-internacional\\\/#primaryimage\",\"url\":\"https:\\\/\\\/venfort.com\\\/wp-content\\\/uploads\\\/2018\\\/02\\\/investigacion-preliminar-corte-penal-internacional.jpg\",\"contentUrl\":\"https:\\\/\\\/venfort.com\\\/wp-content\\\/uploads\\\/2018\\\/02\\\/investigacion-preliminar-corte-penal-internacional.jpg\",\"width\":1280,\"height\":876,\"caption\":\"corte penal internacional\"},{\"@type\":\"BreadcrumbList\",\"@id\":\"https:\\\/\\\/venfort.com\\\/es\\\/servicios\\\/derecho-penal-economico-y-penal-internacional\\\/#breadcrumb\",\"itemListElement\":[{\"@type\":\"ListItem\",\"position\":1,\"name\":\"Portada\",\"item\":\"https:\\\/\\\/venfort.com\\\/\"},{\"@type\":\"ListItem\",\"position\":2,\"name\":\"Servicios\",\"item\":\"https:\\\/\\\/venfort.com\\\/es\\\/servicios\\\/\"},{\"@type\":\"ListItem\",\"position\":3,\"name\":\"Derecho penal econ\u00f3mico y penal internacional\"}]},{\"@type\":\"WebSite\",\"@id\":\"https:\\\/\\\/venfort.com\\\/#website\",\"url\":\"https:\\\/\\\/venfort.com\\\/\",\"name\":\"Venfort\",\"description\":\"Firma de Abogados | Derecho Penal Econ\u00f3mico, Derecho Penal Internacional, Derecho de Empresas, Derecho Financiero, Derecho Administrativo, Derecho Civil y Sucesiones Internacionales\",\"publisher\":{\"@id\":\"https:\\\/\\\/venfort.com\\\/#organization\"},\"alternateName\":\"VENFORT\",\"potentialAction\":[{\"@type\":\"SearchAction\",\"target\":{\"@type\":\"EntryPoint\",\"urlTemplate\":\"https:\\\/\\\/venfort.com\\\/?s={search_term_string}\"},\"query-input\":{\"@type\":\"PropertyValueSpecification\",\"valueRequired\":true,\"valueName\":\"search_term_string\"}}],\"inLanguage\":\"en-US\"},{\"@type\":\"Organization\",\"@id\":\"https:\\\/\\\/venfort.com\\\/#organization\",\"name\":\"Venfort Abogados\",\"alternateName\":\"VENFORT\",\"url\":\"https:\\\/\\\/venfort.com\\\/\",\"logo\":{\"@type\":\"ImageObject\",\"inLanguage\":\"en-US\",\"@id\":\"https:\\\/\\\/venfort.com\\\/#\\\/schema\\\/logo\\\/image\\\/\",\"url\":\"https:\\\/\\\/venfort.com\\\/wp-content\\\/uploads\\\/2026\\\/03\\\/Logo_Venfort_Horizontal_Color.png\",\"contentUrl\":\"https:\\\/\\\/venfort.com\\\/wp-content\\\/uploads\\\/2026\\\/03\\\/Logo_Venfort_Horizontal_Color.png\",\"width\":1000,\"height\":237,\"caption\":\"Venfort Abogados\"},\"image\":{\"@id\":\"https:\\\/\\\/venfort.com\\\/#\\\/schema\\\/logo\\\/image\\\/\"},\"sameAs\":[\"https:\\\/\\\/www.facebook.com\\\/venfortyabogados\",\"https:\\\/\\\/x.com\\\/Venfortabogados\",\"https:\\\/\\\/www.linkedin.com\\\/company\\\/venfort-aldana-abogados\",\"https:\\\/\\\/www.instagram.com\\\/venfortabogados\"]}]}<\/script>\n<!-- \/ Yoast SEO plugin. -->","yoast_head_json":{"title":"Economic criminal law and international criminal law - VENFORT","description":"In economic criminal law and international criminal law, we have a team in Spain and Venezuela with more than 20 years of experience.","robots":{"index":"index","follow":"follow","max-snippet":"max-snippet:-1","max-image-preview":"max-image-preview:large","max-video-preview":"max-video-preview:-1"},"canonical":"https:\/\/venfort.com\/en\/services\/economic-and-international-criminal-law\/","og_locale":"en_US","og_type":"article","og_title":"Derecho penal econ\u00f3mico y penal internacional - VENFORT","og_description":"En derecho penal econ\u00f3mico y penal internacional, contamos con un equipo en Espa\u00f1a y Venezuela con m\u00e1s de 20 a\u00f1os de trayectoria.","og_url":"https:\/\/venfort.com\/en\/services\/economic-and-international-criminal-law\/","og_site_name":"Venfort","article_publisher":"https:\/\/www.facebook.com\/venfortyabogados","article_modified_time":"2024-11-06T18:32:36+00:00","og_image":[{"width":1280,"height":876,"url":"https:\/\/venfort.com\/wp-content\/uploads\/2018\/02\/investigacion-preliminar-corte-penal-internacional.jpg","type":"image\/jpeg"}],"twitter_card":"summary_large_image","twitter_site":"@Venfortabogados","twitter_misc":{"Est. reading time":"2 minutes"},"schema":{"@context":"https:\/\/schema.org","@graph":[{"@type":"WebPage","@id":"https:\/\/venfort.com\/es\/servicios\/derecho-penal-economico-y-penal-internacional\/","url":"https:\/\/venfort.com\/es\/servicios\/derecho-penal-economico-y-penal-internacional\/","name":"Economic criminal law and international criminal law - VENFORT","isPartOf":{"@id":"https:\/\/venfort.com\/#website"},"primaryImageOfPage":{"@id":"https:\/\/venfort.com\/es\/servicios\/derecho-penal-economico-y-penal-internacional\/#primaryimage"},"image":{"@id":"https:\/\/venfort.com\/es\/servicios\/derecho-penal-economico-y-penal-internacional\/#primaryimage"},"thumbnailUrl":"https:\/\/venfort.com\/wp-content\/uploads\/2018\/02\/investigacion-preliminar-corte-penal-internacional.jpg","datePublished":"2024-11-06T17:37:46+00:00","dateModified":"2024-11-06T18:32:36+00:00","description":"In economic criminal law and international criminal law, we have a team in Spain and Venezuela with more than 20 years of experience.","breadcrumb":{"@id":"https:\/\/venfort.com\/es\/servicios\/derecho-penal-economico-y-penal-internacional\/#breadcrumb"},"inLanguage":"en-US","potentialAction":[{"@type":"ReadAction","target":["https:\/\/venfort.com\/es\/servicios\/derecho-penal-economico-y-penal-internacional\/"]}]},{"@type":"ImageObject","inLanguage":"en-US","@id":"https:\/\/venfort.com\/es\/servicios\/derecho-penal-economico-y-penal-internacional\/#primaryimage","url":"https:\/\/venfort.com\/wp-content\/uploads\/2018\/02\/investigacion-preliminar-corte-penal-internacional.jpg","contentUrl":"https:\/\/venfort.com\/wp-content\/uploads\/2018\/02\/investigacion-preliminar-corte-penal-internacional.jpg","width":1280,"height":876,"caption":"corte penal internacional"},{"@type":"BreadcrumbList","@id":"https:\/\/venfort.com\/es\/servicios\/derecho-penal-economico-y-penal-internacional\/#breadcrumb","itemListElement":[{"@type":"ListItem","position":1,"name":"Portada","item":"https:\/\/venfort.com\/"},{"@type":"ListItem","position":2,"name":"Servicios","item":"https:\/\/venfort.com\/es\/servicios\/"},{"@type":"ListItem","position":3,"name":"Derecho penal econ\u00f3mico y penal internacional"}]},{"@type":"WebSite","@id":"https:\/\/venfort.com\/#website","url":"https:\/\/venfort.com\/","name":"Venfort","description":"Law Firm : Economic Criminal Law, International Criminal Law, Corporate Law, Financial Law, Administrative Law, Civil Law and International Successions.","publisher":{"@id":"https:\/\/venfort.com\/#organization"},"alternateName":"VENFORT","potentialAction":[{"@type":"SearchAction","target":{"@type":"EntryPoint","urlTemplate":"https:\/\/venfort.com\/?s={search_term_string}"},"query-input":{"@type":"PropertyValueSpecification","valueRequired":true,"valueName":"search_term_string"}}],"inLanguage":"en-US"},{"@type":"Organization","@id":"https:\/\/venfort.com\/#organization","name":"Venfort Lawyers","alternateName":"VENFORT","url":"https:\/\/venfort.com\/","logo":{"@type":"ImageObject","inLanguage":"en-US","@id":"https:\/\/venfort.com\/#\/schema\/logo\/image\/","url":"https:\/\/venfort.com\/wp-content\/uploads\/2026\/03\/Logo_Venfort_Horizontal_Color.png","contentUrl":"https:\/\/venfort.com\/wp-content\/uploads\/2026\/03\/Logo_Venfort_Horizontal_Color.png","width":1000,"height":237,"caption":"Venfort Abogados"},"image":{"@id":"https:\/\/venfort.com\/#\/schema\/logo\/image\/"},"sameAs":["https:\/\/www.facebook.com\/venfortyabogados","https:\/\/x.com\/Venfortabogados","https:\/\/www.linkedin.com\/company\/venfort-aldana-abogados","https:\/\/www.instagram.com\/venfortabogados"]}]}},"_links":{"self":[{"href":"https:\/\/venfort.com\/en\/wp-json\/wp\/v2\/pages\/3751","targetHints":{"allow":["GET"]}}],"collection":[{"href":"https:\/\/venfort.com\/en\/wp-json\/wp\/v2\/pages"}],"about":[{"href":"https:\/\/venfort.com\/en\/wp-json\/wp\/v2\/types\/page"}],"author":[{"embeddable":true,"href":"https:\/\/venfort.com\/en\/wp-json\/wp\/v2\/users\/1"}],"replies":[{"embeddable":true,"href":"https:\/\/venfort.com\/en\/wp-json\/wp\/v2\/comments?post=3751"}],"version-history":[{"count":11,"href":"https:\/\/venfort.com\/en\/wp-json\/wp\/v2\/pages\/3751\/revisions"}],"predecessor-version":[{"id":3789,"href":"https:\/\/venfort.com\/en\/wp-json\/wp\/v2\/pages\/3751\/revisions\/3789"}],"up":[{"embeddable":true,"href":"https:\/\/venfort.com\/en\/wp-json\/wp\/v2\/pages\/496"}],"wp:featuredmedia":[{"embeddable":true,"href":"https:\/\/venfort.com\/en\/wp-json\/wp\/v2\/media\/2717"}],"wp:attachment":[{"href":"https:\/\/venfort.com\/en\/wp-json\/wp\/v2\/media?parent=3751"}],"curies":[{"name":"wp","href":"https:\/\/api.w.org\/{rel}","templated":true}]}}