{"id":3759,"date":"2024-11-06T13:46:47","date_gmt":"2024-11-06T17:46:47","guid":{"rendered":"https:\/\/venfort.com\/?page_id=3759"},"modified":"2024-11-06T14:32:07","modified_gmt":"2024-11-06T18:32:07","slug":"corporate-law-3","status":"publish","type":"page","link":"https:\/\/venfort.com\/en\/servicios\/derecho-corporativo\/","title":{"rendered":"Corporate law"},"content":{"rendered":"<div data-elementor-type=\"wp-page\" data-elementor-id=\"3759\" class=\"elementor elementor-3759\">\n\t\t\t\t<div class=\"elementor-element elementor-element-2d4b4d3 e-con-full e-flex e-con e-parent\" data-id=\"2d4b4d3\" data-element_type=\"container\" data-e-type=\"container\" data-settings=\"{&quot;background_background&quot;:&quot;classic&quot;}\">\n\t\t<div class=\"elementor-element elementor-element-e47b5dd e-con-full e-flex e-con e-child\" data-id=\"e47b5dd\" data-element_type=\"container\" data-e-type=\"container\">\n\t\t\t\t<\/div>\n\t\t<div class=\"elementor-element elementor-element-97905cb e-con-full animated-slow e-flex elementor-invisible e-con e-child\" data-id=\"97905cb\" data-element_type=\"container\" data-e-type=\"container\" data-settings=\"{&quot;background_background&quot;:&quot;classic&quot;,&quot;animation&quot;:&quot;slideInRight&quot;,&quot;animation_delay&quot;:300}\">\n\t\t\t\t<div class=\"elementor-element elementor-element-59f49e5 elementor-widget elementor-widget-heading\" data-id=\"59f49e5\" data-element_type=\"widget\" data-e-type=\"widget\" data-widget_type=\"heading.default\">\n\t\t\t\t<div class=\"elementor-widget-container\">\n\t\t\t\t\t<h1 class=\"elementor-heading-title elementor-size-default\">SERVICES<\/h1>\t\t\t\t<\/div>\n\t\t\t\t<\/div>\n\t\t\t\t<\/div>\n\t\t\t\t<\/div>\n\t\t<div class=\"elementor-element elementor-element-9aa0855 e-flex e-con-boxed e-con e-parent\" data-id=\"9aa0855\" data-element_type=\"container\" data-e-type=\"container\">\n\t\t\t\t\t<div class=\"e-con-inner\">\n\t\t<div class=\"elementor-element elementor-element-5c013d5 e-flex e-con-boxed e-con e-child\" data-id=\"5c013d5\" data-element_type=\"container\" data-e-type=\"container\" data-settings=\"{&quot;background_background&quot;:&quot;classic&quot;}\">\n\t\t\t\t\t<div class=\"e-con-inner\">\n\t\t\t\t<div class=\"elementor-element elementor-element-7b736d7 elementor-widget elementor-widget-heading\" data-id=\"7b736d7\" data-element_type=\"widget\" data-e-type=\"widget\" data-widget_type=\"heading.default\">\n\t\t\t\t<div class=\"elementor-widget-container\">\n\t\t\t\t\t<h2 class=\"elementor-heading-title elementor-size-small\">Corporate law<\/h2>\t\t\t\t<\/div>\n\t\t\t\t<\/div>\n\t\t\t\t<div class=\"elementor-element elementor-element-1010b26 elementor-widget elementor-widget-text-editor\" data-id=\"1010b26\" data-element_type=\"widget\" data-e-type=\"widget\" data-widget_type=\"text-editor.default\">\n\t\t\t\t<div class=\"elementor-widget-container\">\n\t\t\t\t\t\t\t\t\t<p><\/p><p><\/p><p>\"<em>Comprehensive advice and tailor-made solutions for each company\"<\/em><\/p><p> <\/p><p><strong>VENFORT\u2019s Corporate Law Department<\/strong>\u00a0has specialists with extensive experience both in Latin America and Spain. Our close relationship with our clients has allowed us to elaborate and execute strategies focused on negotiation that allow integral solutions of high value for our clients.<\/p><p> <\/p><p>In addition, we advise leading companies in the financial, energy and commodities sectors.<\/p><p> <\/p><h3>We are specialists in:<\/h3><ul class=\"wp-block-list\"><li>National and international corporate structures<\/li><li>Mediation and negotiation in corporate processes<\/li> <li>Mergers and acquisitions (M&amp;A)<\/li> <li>Sale and purchase of government agency-regulated companies<\/li> <li>Due diligence (<em>and legal opinions<\/em>) for the purchase and sale of businesses<\/li> <li>Preparation and planning of corporate transactions<\/li> <li>Advice for incorporation of foreign companies in Venezuela, with a particular emphasis on Foreign Investment Protection Agreements and Double Taxation Avoidance Treaties<\/li> <li>Preparation of financial contracts<\/li> <li>Legal audits<\/li><\/ul><p><\/p><p><\/p><p><\/p><p><\/p>\t\t\t\t\t\t\t\t<\/div>\n\t\t\t\t<\/div>\n\t\t<div class=\"elementor-element elementor-element-e2fb531 e-con-full e-flex e-con e-child\" data-id=\"e2fb531\" data-element_type=\"container\" data-e-type=\"container\">\n\t\t\t\t<div class=\"elementor-element elementor-element-e453b62 premium-lq__none elementor-widget elementor-widget-premium-addon-button\" data-id=\"e453b62\" data-element_type=\"widget\" data-e-type=\"widget\" data-widget_type=\"premium-addon-button.default\">\n\t\t\t\t<div class=\"elementor-widget-container\">\n\t\t\t\t\t\n\n\t\t<a class=\"premium-button premium-button-none premium-btn-lg premium-button-none\" href=\"https:\/\/venfort.com\/en\/contact\/\">\n\t\t\t<div class=\"premium-button-text-icon-wrapper\">\n\t\t\t\t\n\t\t\t\t\t\t\t\t\t<span >\n\t\t\t\t\t\tContact us\t\t\t\t\t<\/span>\n\t\t\t\t\t\t\t<\/div>\n\n\t\t\t\n\t\t\t\n\t\t\t\n\t\t<\/a>\n\n\n\t\t\t\t\t\t<\/div>\n\t\t\t\t<\/div>\n\t\t\t\t<\/div>\n\t\t\t\t\t<\/div>\n\t\t\t\t<\/div>\n\t\t\t\t\t<\/div>\n\t\t\t\t<\/div>\n\t\t\t\t<\/div>","protected":false},"excerpt":{"rendered":"<p>SERVICES Corporate Law Contact Us<\/p>","protected":false},"author":1,"featured_media":1200,"parent":496,"menu_order":0,"comment_status":"closed","ping_status":"closed","template":"elementor_header_footer","meta":{"inline_featured_image":false,"ocean_post_layout":"","ocean_both_sidebars_style":"","ocean_both_sidebars_content_width":0,"ocean_both_sidebars_sidebars_width":0,"ocean_sidebar":"","ocean_second_sidebar":"","ocean_disable_margins":"enable","ocean_add_body_class":"","ocean_shortcode_before_top_bar":"","ocean_shortcode_after_top_bar":"","ocean_shortcode_before_header":"","ocean_shortcode_after_header":"","ocean_has_shortcode":"","ocean_shortcode_after_title":"","ocean_shortcode_before_footer_widgets":"","ocean_shortcode_after_footer_widgets":"","ocean_shortcode_before_footer_bottom":"","ocean_shortcode_after_footer_bottom":"","ocean_display_top_bar":"default","ocean_display_header":"default","ocean_header_style":"","ocean_center_header_left_menu":"","ocean_custom_header_template":"","ocean_custom_logo":0,"ocean_custom_retina_logo":0,"ocean_custom_logo_max_width":0,"ocean_custom_logo_tablet_max_width":0,"ocean_custom_logo_mobile_max_width":0,"ocean_custom_logo_max_height":0,"ocean_custom_logo_tablet_max_height":0,"ocean_custom_logo_mobile_max_height":0,"ocean_header_custom_menu":"","ocean_menu_typo_font_family":"","ocean_menu_typo_font_subset":"","ocean_menu_typo_font_size":0,"ocean_menu_typo_font_size_tablet":0,"ocean_menu_typo_font_size_mobile":0,"ocean_menu_typo_font_size_unit":"px","ocean_menu_typo_font_weight":"","ocean_menu_typo_font_weight_tablet":"","ocean_menu_typo_font_weight_mobile":"","ocean_menu_typo_transform":"","ocean_menu_typo_transform_tablet":"","ocean_menu_typo_transform_mobile":"","ocean_menu_typo_line_height":0,"ocean_menu_typo_line_height_tablet":0,"ocean_menu_typo_line_height_mobile":0,"ocean_menu_typo_line_height_unit":"","ocean_menu_typo_spacing":0,"ocean_menu_typo_spacing_tablet":0,"ocean_menu_typo_spacing_mobile":0,"ocean_menu_typo_spacing_unit":"","ocean_menu_link_color":"","ocean_menu_link_color_hover":"","ocean_menu_link_color_active":"","ocean_menu_link_background":"","ocean_menu_link_hover_background":"","ocean_menu_link_active_background":"","ocean_menu_social_links_bg":"","ocean_menu_social_hover_links_bg":"","ocean_menu_social_links_color":"","ocean_menu_social_hover_links_color":"","ocean_disable_title":"default","ocean_disable_heading":"default","ocean_post_title":"","ocean_post_subheading":"","ocean_post_title_style":"","ocean_post_title_background_color":"","ocean_post_title_background":0,"ocean_post_title_bg_image_position":"","ocean_post_title_bg_image_attachment":"","ocean_post_title_bg_image_repeat":"","ocean_post_title_bg_image_size":"","ocean_post_title_height":0,"ocean_post_title_bg_overlay":0.5,"ocean_post_title_bg_overlay_color":"","ocean_disable_breadcrumbs":"default","ocean_breadcrumbs_color":"","ocean_breadcrumbs_separator_color":"","ocean_breadcrumbs_links_color":"","ocean_breadcrumbs_links_hover_color":"","ocean_display_footer_widgets":"default","ocean_display_footer_bottom":"default","ocean_custom_footer_template":"","omw_enable_modal_window":"enable","footnotes":""},"class_list":["post-3759","page","type-page","status-publish","has-post-thumbnail","hentry","entry","has-media"],"yoast_head":"<!-- This site is optimized with the Yoast SEO plugin v27.4 - https:\/\/yoast.com\/product\/yoast-seo-wordpress\/ -->\n<title>Derecho corporativo - VENFORT Abogados<\/title>\n<meta name=\"description\" content=\"El Departamento de Derecho corporativo de VENFORT cuenta con especialistas de amplia trayectoria en Latinoam\u00e9rica y Espa\u00f1a. Cont\u00e1ctenos.\" \/>\n<meta name=\"robots\" content=\"index, follow, max-snippet:-1, max-image-preview:large, max-video-preview:-1\" \/>\n<link rel=\"canonical\" href=\"https:\/\/venfort.com\/en\/services\/corporate-law-3\/\" \/>\n<meta property=\"og:locale\" content=\"en_US\" \/>\n<meta property=\"og:type\" content=\"article\" \/>\n<meta property=\"og:title\" content=\"Derecho corporativo - VENFORT Abogados\" \/>\n<meta property=\"og:description\" content=\"El Departamento de Derecho corporativo de VENFORT cuenta con especialistas de amplia trayectoria en Latinoam\u00e9rica y Espa\u00f1a. Cont\u00e1ctenos.\" \/>\n<meta property=\"og:url\" content=\"https:\/\/venfort.com\/en\/services\/corporate-law-3\/\" \/>\n<meta property=\"og:site_name\" content=\"Venfort\" \/>\n<meta property=\"article:publisher\" content=\"https:\/\/www.facebook.com\/venfortyabogados\" \/>\n<meta property=\"article:modified_time\" content=\"2024-11-06T18:32:07+00:00\" \/>\n<meta property=\"og:image\" content=\"https:\/\/venfort.com\/wp-content\/uploads\/Venfort_Derecho_Corporativo_100kb.jpg\" \/>\n\t<meta property=\"og:image:width\" content=\"1920\" \/>\n\t<meta property=\"og:image:height\" content=\"1280\" \/>\n\t<meta property=\"og:image:type\" content=\"image\/jpeg\" \/>\n<meta name=\"twitter:card\" content=\"summary_large_image\" \/>\n<meta name=\"twitter:site\" content=\"@Venfortabogados\" \/>\n<meta name=\"twitter:label1\" content=\"Est. reading time\" \/>\n\t<meta name=\"twitter:data1\" content=\"1 minute\" \/>\n<script type=\"application\/ld+json\" class=\"yoast-schema-graph\">{\"@context\":\"https:\\\/\\\/schema.org\",\"@graph\":[{\"@type\":\"WebPage\",\"@id\":\"https:\\\/\\\/venfort.com\\\/es\\\/servicios\\\/derecho-corporativo\\\/\",\"url\":\"https:\\\/\\\/venfort.com\\\/es\\\/servicios\\\/derecho-corporativo\\\/\",\"name\":\"Derecho corporativo - VENFORT Abogados\",\"isPartOf\":{\"@id\":\"https:\\\/\\\/venfort.com\\\/#website\"},\"primaryImageOfPage\":{\"@id\":\"https:\\\/\\\/venfort.com\\\/es\\\/servicios\\\/derecho-corporativo\\\/#primaryimage\"},\"image\":{\"@id\":\"https:\\\/\\\/venfort.com\\\/es\\\/servicios\\\/derecho-corporativo\\\/#primaryimage\"},\"thumbnailUrl\":\"https:\\\/\\\/venfort.com\\\/wp-content\\\/uploads\\\/Venfort_Derecho_Corporativo_100kb.jpg\",\"datePublished\":\"2024-11-06T17:46:47+00:00\",\"dateModified\":\"2024-11-06T18:32:07+00:00\",\"description\":\"El Departamento de Derecho corporativo de VENFORT cuenta con especialistas de amplia trayectoria en Latinoam\u00e9rica y Espa\u00f1a. Cont\u00e1ctenos.\",\"breadcrumb\":{\"@id\":\"https:\\\/\\\/venfort.com\\\/es\\\/servicios\\\/derecho-corporativo\\\/#breadcrumb\"},\"inLanguage\":\"en-US\",\"potentialAction\":[{\"@type\":\"ReadAction\",\"target\":[\"https:\\\/\\\/venfort.com\\\/es\\\/servicios\\\/derecho-corporativo\\\/\"]}]},{\"@type\":\"ImageObject\",\"inLanguage\":\"en-US\",\"@id\":\"https:\\\/\\\/venfort.com\\\/es\\\/servicios\\\/derecho-corporativo\\\/#primaryimage\",\"url\":\"https:\\\/\\\/venfort.com\\\/wp-content\\\/uploads\\\/Venfort_Derecho_Corporativo_100kb.jpg\",\"contentUrl\":\"https:\\\/\\\/venfort.com\\\/wp-content\\\/uploads\\\/Venfort_Derecho_Corporativo_100kb.jpg\",\"width\":1920,\"height\":1280,\"caption\":\"derecho corporativo\"},{\"@type\":\"BreadcrumbList\",\"@id\":\"https:\\\/\\\/venfort.com\\\/es\\\/servicios\\\/derecho-corporativo\\\/#breadcrumb\",\"itemListElement\":[{\"@type\":\"ListItem\",\"position\":1,\"name\":\"Portada\",\"item\":\"https:\\\/\\\/venfort.com\\\/\"},{\"@type\":\"ListItem\",\"position\":2,\"name\":\"Servicios\",\"item\":\"https:\\\/\\\/venfort.com\\\/es\\\/servicios\\\/\"},{\"@type\":\"ListItem\",\"position\":3,\"name\":\"Derecho corporativo\"}]},{\"@type\":\"WebSite\",\"@id\":\"https:\\\/\\\/venfort.com\\\/#website\",\"url\":\"https:\\\/\\\/venfort.com\\\/\",\"name\":\"Venfort\",\"description\":\"Firma de Abogados | Derecho Penal Econ\u00f3mico, Derecho Penal Internacional, Derecho de Empresas, Derecho Financiero, Derecho Administrativo, Derecho Civil y Sucesiones Internacionales\",\"publisher\":{\"@id\":\"https:\\\/\\\/venfort.com\\\/#organization\"},\"alternateName\":\"VENFORT\",\"potentialAction\":[{\"@type\":\"SearchAction\",\"target\":{\"@type\":\"EntryPoint\",\"urlTemplate\":\"https:\\\/\\\/venfort.com\\\/?s={search_term_string}\"},\"query-input\":{\"@type\":\"PropertyValueSpecification\",\"valueRequired\":true,\"valueName\":\"search_term_string\"}}],\"inLanguage\":\"en-US\"},{\"@type\":\"Organization\",\"@id\":\"https:\\\/\\\/venfort.com\\\/#organization\",\"name\":\"Venfort Abogados\",\"alternateName\":\"VENFORT\",\"url\":\"https:\\\/\\\/venfort.com\\\/\",\"logo\":{\"@type\":\"ImageObject\",\"inLanguage\":\"en-US\",\"@id\":\"https:\\\/\\\/venfort.com\\\/#\\\/schema\\\/logo\\\/image\\\/\",\"url\":\"https:\\\/\\\/venfort.com\\\/wp-content\\\/uploads\\\/2026\\\/03\\\/Logo_Venfort_Horizontal_Color.png\",\"contentUrl\":\"https:\\\/\\\/venfort.com\\\/wp-content\\\/uploads\\\/2026\\\/03\\\/Logo_Venfort_Horizontal_Color.png\",\"width\":1000,\"height\":237,\"caption\":\"Venfort Abogados\"},\"image\":{\"@id\":\"https:\\\/\\\/venfort.com\\\/#\\\/schema\\\/logo\\\/image\\\/\"},\"sameAs\":[\"https:\\\/\\\/www.facebook.com\\\/venfortyabogados\",\"https:\\\/\\\/x.com\\\/Venfortabogados\",\"https:\\\/\\\/www.linkedin.com\\\/company\\\/venfort-aldana-abogados\",\"https:\\\/\\\/www.instagram.com\\\/venfortabogados\"]}]}<\/script>\n<!-- \/ Yoast SEO plugin. -->","yoast_head_json":{"title":"Corporate Law - VENFORT Attorneys-at-Law","description":"VENFORT's Corporate Law Department has specialists with extensive experience in Latin America and Spain. Contact us.","robots":{"index":"index","follow":"follow","max-snippet":"max-snippet:-1","max-image-preview":"max-image-preview:large","max-video-preview":"max-video-preview:-1"},"canonical":"https:\/\/venfort.com\/en\/services\/corporate-law-3\/","og_locale":"en_US","og_type":"article","og_title":"Derecho corporativo - VENFORT Abogados","og_description":"El Departamento de Derecho corporativo de VENFORT cuenta con especialistas de amplia trayectoria en Latinoam\u00e9rica y Espa\u00f1a. Cont\u00e1ctenos.","og_url":"https:\/\/venfort.com\/en\/services\/corporate-law-3\/","og_site_name":"Venfort","article_publisher":"https:\/\/www.facebook.com\/venfortyabogados","article_modified_time":"2024-11-06T18:32:07+00:00","og_image":[{"width":1920,"height":1280,"url":"https:\/\/venfort.com\/wp-content\/uploads\/Venfort_Derecho_Corporativo_100kb.jpg","type":"image\/jpeg"}],"twitter_card":"summary_large_image","twitter_site":"@Venfortabogados","twitter_misc":{"Est. reading time":"1 minute"},"schema":{"@context":"https:\/\/schema.org","@graph":[{"@type":"WebPage","@id":"https:\/\/venfort.com\/es\/servicios\/derecho-corporativo\/","url":"https:\/\/venfort.com\/es\/servicios\/derecho-corporativo\/","name":"Corporate Law - VENFORT Attorneys-at-Law","isPartOf":{"@id":"https:\/\/venfort.com\/#website"},"primaryImageOfPage":{"@id":"https:\/\/venfort.com\/es\/servicios\/derecho-corporativo\/#primaryimage"},"image":{"@id":"https:\/\/venfort.com\/es\/servicios\/derecho-corporativo\/#primaryimage"},"thumbnailUrl":"https:\/\/venfort.com\/wp-content\/uploads\/Venfort_Derecho_Corporativo_100kb.jpg","datePublished":"2024-11-06T17:46:47+00:00","dateModified":"2024-11-06T18:32:07+00:00","description":"VENFORT's Corporate Law Department has specialists with extensive experience in Latin America and Spain. Contact us.","breadcrumb":{"@id":"https:\/\/venfort.com\/es\/servicios\/derecho-corporativo\/#breadcrumb"},"inLanguage":"en-US","potentialAction":[{"@type":"ReadAction","target":["https:\/\/venfort.com\/es\/servicios\/derecho-corporativo\/"]}]},{"@type":"ImageObject","inLanguage":"en-US","@id":"https:\/\/venfort.com\/es\/servicios\/derecho-corporativo\/#primaryimage","url":"https:\/\/venfort.com\/wp-content\/uploads\/Venfort_Derecho_Corporativo_100kb.jpg","contentUrl":"https:\/\/venfort.com\/wp-content\/uploads\/Venfort_Derecho_Corporativo_100kb.jpg","width":1920,"height":1280,"caption":"derecho corporativo"},{"@type":"BreadcrumbList","@id":"https:\/\/venfort.com\/es\/servicios\/derecho-corporativo\/#breadcrumb","itemListElement":[{"@type":"ListItem","position":1,"name":"Portada","item":"https:\/\/venfort.com\/"},{"@type":"ListItem","position":2,"name":"Servicios","item":"https:\/\/venfort.com\/es\/servicios\/"},{"@type":"ListItem","position":3,"name":"Derecho corporativo"}]},{"@type":"WebSite","@id":"https:\/\/venfort.com\/#website","url":"https:\/\/venfort.com\/","name":"Venfort","description":"Law Firm : Economic Criminal Law, International Criminal Law, Corporate Law, Financial Law, Administrative Law, Civil Law and International Successions.","publisher":{"@id":"https:\/\/venfort.com\/#organization"},"alternateName":"VENFORT","potentialAction":[{"@type":"SearchAction","target":{"@type":"EntryPoint","urlTemplate":"https:\/\/venfort.com\/?s={search_term_string}"},"query-input":{"@type":"PropertyValueSpecification","valueRequired":true,"valueName":"search_term_string"}}],"inLanguage":"en-US"},{"@type":"Organization","@id":"https:\/\/venfort.com\/#organization","name":"Venfort Lawyers","alternateName":"VENFORT","url":"https:\/\/venfort.com\/","logo":{"@type":"ImageObject","inLanguage":"en-US","@id":"https:\/\/venfort.com\/#\/schema\/logo\/image\/","url":"https:\/\/venfort.com\/wp-content\/uploads\/2026\/03\/Logo_Venfort_Horizontal_Color.png","contentUrl":"https:\/\/venfort.com\/wp-content\/uploads\/2026\/03\/Logo_Venfort_Horizontal_Color.png","width":1000,"height":237,"caption":"Venfort Abogados"},"image":{"@id":"https:\/\/venfort.com\/#\/schema\/logo\/image\/"},"sameAs":["https:\/\/www.facebook.com\/venfortyabogados","https:\/\/x.com\/Venfortabogados","https:\/\/www.linkedin.com\/company\/venfort-aldana-abogados","https:\/\/www.instagram.com\/venfortabogados"]}]}},"_links":{"self":[{"href":"https:\/\/venfort.com\/en\/wp-json\/wp\/v2\/pages\/3759","targetHints":{"allow":["GET"]}}],"collection":[{"href":"https:\/\/venfort.com\/en\/wp-json\/wp\/v2\/pages"}],"about":[{"href":"https:\/\/venfort.com\/en\/wp-json\/wp\/v2\/types\/page"}],"author":[{"embeddable":true,"href":"https:\/\/venfort.com\/en\/wp-json\/wp\/v2\/users\/1"}],"replies":[{"embeddable":true,"href":"https:\/\/venfort.com\/en\/wp-json\/wp\/v2\/comments?post=3759"}],"version-history":[{"count":10,"href":"https:\/\/venfort.com\/en\/wp-json\/wp\/v2\/pages\/3759\/revisions"}],"predecessor-version":[{"id":3786,"href":"https:\/\/venfort.com\/en\/wp-json\/wp\/v2\/pages\/3759\/revisions\/3786"}],"up":[{"embeddable":true,"href":"https:\/\/venfort.com\/en\/wp-json\/wp\/v2\/pages\/496"}],"wp:featuredmedia":[{"embeddable":true,"href":"https:\/\/venfort.com\/en\/wp-json\/wp\/v2\/media\/1200"}],"wp:attachment":[{"href":"https:\/\/venfort.com\/en\/wp-json\/wp\/v2\/media?parent=3759"}],"curies":[{"name":"wp","href":"https:\/\/api.w.org\/{rel}","templated":true}]}}