{"id":316,"date":"2023-05-21T23:56:58","date_gmt":"2023-05-22T03:56:58","guid":{"rendered":"http:\/\/venfort.com\/?page_id=316"},"modified":"2026-01-29T08:11:46","modified_gmt":"2026-01-29T12:11:46","slug":"historia","status":"publish","type":"page","link":"https:\/\/venfort.com\/es\/historia\/","title":{"rendered":"Historia"},"content":{"rendered":"\t\t<div data-elementor-type=\"wp-page\" data-elementor-id=\"316\" class=\"elementor elementor-316\">\n\t\t\t\t<div class=\"elementor-element elementor-element-824822a e-con-full e-flex e-con e-parent\" data-id=\"824822a\" data-element_type=\"container\" data-e-type=\"container\" data-settings=\"{&quot;background_background&quot;:&quot;classic&quot;}\">\n\t\t<div class=\"elementor-element elementor-element-0c64e12 e-con-full e-flex e-con e-child\" data-id=\"0c64e12\" data-element_type=\"container\" data-e-type=\"container\">\n\t\t\t\t<\/div>\n\t\t<div class=\"elementor-element elementor-element-1fcdda4 e-con-full e-flex e-con e-child\" data-id=\"1fcdda4\" data-element_type=\"container\" data-e-type=\"container\" data-settings=\"{&quot;background_background&quot;:&quot;classic&quot;}\">\n\t\t\t\t<div class=\"elementor-element elementor-element-32bcf65 elementor-widget elementor-widget-heading\" data-id=\"32bcf65\" data-element_type=\"widget\" data-e-type=\"widget\" data-widget_type=\"heading.default\">\n\t\t\t\t<div class=\"elementor-widget-container\">\n\t\t\t\t\t<h1 class=\"elementor-heading-title elementor-size-default\">VENFORT\nABOGADOS<\/h1>\t\t\t\t<\/div>\n\t\t\t\t<\/div>\n\t\t\t\t<\/div>\n\t\t\t\t<\/div>\n\t\t<div class=\"elementor-element elementor-element-036a520 e-flex e-con-boxed e-con e-parent\" data-id=\"036a520\" data-element_type=\"container\" data-e-type=\"container\">\n\t\t\t\t\t<div class=\"e-con-inner\">\n\t\t<div class=\"elementor-element elementor-element-2af81e1 e-flex e-con-boxed e-con e-child\" data-id=\"2af81e1\" data-element_type=\"container\" data-e-type=\"container\" data-settings=\"{&quot;background_background&quot;:&quot;classic&quot;}\">\n\t\t\t\t\t<div class=\"e-con-inner\">\n\t\t\t\t<div class=\"elementor-element elementor-element-146538d elementor-widget elementor-widget-heading\" data-id=\"146538d\" data-element_type=\"widget\" data-e-type=\"widget\" data-widget_type=\"heading.default\">\n\t\t\t\t<div class=\"elementor-widget-container\">\n\t\t\t\t\t<h2 class=\"elementor-heading-title elementor-size-small\">\u00bfQui\u00e9nes somos?<\/h2>\t\t\t\t<\/div>\n\t\t\t\t<\/div>\n\t\t\t\t<div class=\"elementor-element elementor-element-a17d2c9 elementor-widget elementor-widget-text-editor\" data-id=\"a17d2c9\" data-element_type=\"widget\" data-e-type=\"widget\" data-widget_type=\"text-editor.default\">\n\t\t\t\t<div class=\"elementor-widget-container\">\n\t\t\t\t\t\t\t\t\t<div>&nbsp;<\/div>\n<div><span lang=\"ES\">Despu\u00e9s de 20 a\u00f1os de experiencia, compromiso y dedicaci\u00f3n, Alan Aldana &amp; Abogados se convierte en <b>VENFORT <\/b>para ofrecer sus servicios en Espa\u00f1a y Venezuela.<\/span><\/div>\n<div>&nbsp;<\/div>\n<p>En Venezuela, VENFORT by Aldana Abogados se ha especializado en <strong>derecho penal econ\u00f3mico, penal internacional y corporativo<\/strong>, \u00e1reas dentro de las cuales incluye el estudio de acciones preventivas y solicitudes de eliminaci\u00f3n de notificaciones rojas en INTERPOL para casos complejos y de alto perfil.<\/p>\n<p>Asimismo, nos hemos destacado en asesor\u00edas relacionadas con el sistema de sanciones OFAC y en la representaci\u00f3n de herencias internacionales entre Espa\u00f1a y Venezuela.<\/p>\n<p>En nuestra oficina en Madrid, adicionalmente, VENFORT ofrece asesoramiento estrat\u00e9gico legal y fiscal en transacciones corporativas internacionales, en alianza con nuestro socio en Londres, para ayudar a las partes a alcanzar de forma \u00f3ptima sus objetivos comerciales.<\/p>\n<p>Al estar presentes en Latinoam\u00e9rica y Europa, comprendemos perfectamente ambos contextos y podemos ofrecer un servicio integral. El tiempo es un factor fundamental en todos los casos que atendemos y la conexi\u00f3n entre nuestras oficinas en Venezuela y Madrid, as\u00ed como la relaci\u00f3n con nuestros aliados internacionales, nos permiten brindar un servicio mucho m\u00e1s expedito.<\/p>\n<p>Somos representantes exclusivos en Venezuela y Espa\u00f1a de firmas reconocidas en Angola, Dubai, Mozambique, Reino Unido, Panam\u00e1, Portugal, Andorra, EE. UU., Colombia, Rep\u00fablica Dominicana, B\u00e9lgica y Singapur.<\/p>\n<p>Adem\u00e1s, contamos con abogados de alto prestigio tanto en Venezuela como en Espa\u00f1a.<\/p>\n<p>Hemos representado a nuestros clientes en juicios de envergadura ante tribunales internacionales de manera exitosa. En materia corporativa, hemos asumido y liderado negociaciones y transacciones complejas de alto valor.<\/p>\t\t\t\t\t\t\t\t<\/div>\n\t\t\t\t<\/div>\n\t\t\t\t\t<\/div>\n\t\t\t\t<\/div>\n\t\t<div class=\"elementor-element elementor-element-26a2952 e-con-full e-flex e-con e-child\" data-id=\"26a2952\" data-element_type=\"container\" data-e-type=\"container\">\n\t\t\t\t<div class=\"elementor-element elementor-element-807e277 elementor-widget-divider--view-line_text elementor-widget-divider--element-align-center elementor-widget elementor-widget-divider\" data-id=\"807e277\" data-element_type=\"widget\" data-e-type=\"widget\" data-widget_type=\"divider.default\">\n\t\t\t\t<div class=\"elementor-widget-container\">\n\t\t\t\t\t\t\t<div class=\"elementor-divider\">\n\t\t\t<span class=\"elementor-divider-separator\">\n\t\t\t\t\t\t\t<h3 class=\"elementor-divider__text elementor-divider__element\">\n\t\t\t\tMiembros de\t\t\t\t<\/h3>\n\t\t\t\t\t\t<\/span>\n\t\t<\/div>\n\t\t\t\t\t\t<\/div>\n\t\t\t\t<\/div>\n\t\t\t\t<div class=\"elementor-element elementor-element-cb31639 elementor-pagination-position-outside elementor-widget elementor-widget-image-carousel\" data-id=\"cb31639\" data-element_type=\"widget\" data-e-type=\"widget\" data-settings=\"{&quot;slides_to_show&quot;:&quot;4&quot;,&quot;slides_to_scroll&quot;:&quot;1&quot;,&quot;navigation&quot;:&quot;dots&quot;,&quot;speed&quot;:250,&quot;autoplay&quot;:&quot;yes&quot;,&quot;pause_on_hover&quot;:&quot;yes&quot;,&quot;pause_on_interaction&quot;:&quot;yes&quot;,&quot;autoplay_speed&quot;:5000,&quot;infinite&quot;:&quot;yes&quot;}\" data-widget_type=\"image-carousel.default\">\n\t\t\t\t<div class=\"elementor-widget-container\">\n\t\t\t\t\t\t\t<div class=\"elementor-image-carousel-wrapper swiper\" role=\"region\" aria-roledescription=\"carousel\" aria-label=\"Carrusel de im\u00e1genes\" dir=\"ltr\">\n\t\t\t<div class=\"elementor-image-carousel swiper-wrapper\" aria-live=\"off\">\n\t\t\t\t\t\t\t\t<div class=\"swiper-slide\" role=\"group\" aria-roledescription=\"slide\" aria-label=\"1 sur 6\"><figure class=\"swiper-slide-inner\"><img decoding=\"async\" class=\"swiper-slide-image\" src=\"https:\/\/venfort.com\/wp-content\/uploads\/elementor\/thumbs\/WCA_Org_Asoc_-q9r02w6zq6jf64pi07dm0lfvu1lng6c01b2mptkzjw.png\" alt=\"World Compliance Association\" \/><\/figure><\/div><div class=\"swiper-slide\" role=\"group\" aria-roledescription=\"slide\" aria-label=\"2 sur 6\"><figure class=\"swiper-slide-inner\"><img decoding=\"async\" class=\"swiper-slide-image\" src=\"https:\/\/venfort.com\/wp-content\/uploads\/elementor\/thumbs\/LOGO-CCCS-azul-osc-modif-2022-qae0s0gc4ltux2ftjqfvkb8h6tyi8pqtpj7m7rpyhg.png\" alt=\"LOGO-CCCS-azul-osc-modif-2022\" \/><\/figure><\/div><div class=\"swiper-slide\" role=\"group\" aria-roledescription=\"slide\" aria-label=\"3 sur 6\"><figure class=\"swiper-slide-inner\"><img decoding=\"async\" class=\"swiper-slide-image\" src=\"https:\/\/venfort.com\/wp-content\/uploads\/elementor\/thumbs\/IABA_2-qae2audesow066sldfof0h4gnzpb93f58x7a0uf7ow.png\" alt=\"IABA_2\" \/><\/figure><\/div><div class=\"swiper-slide\" role=\"group\" aria-roledescription=\"slide\" aria-label=\"4 sur 6\"><figure class=\"swiper-slide-inner\"><img decoding=\"async\" class=\"swiper-slide-image\" src=\"https:\/\/venfort.com\/wp-content\/uploads\/elementor\/thumbs\/SVC-qae0s717gg2v6c69hba9jrkpcj22qlgy2fs0kpg6wk.png\" alt=\"SVC\" \/><\/figure><\/div><div class=\"swiper-slide\" role=\"group\" aria-roledescription=\"slide\" aria-label=\"5 sur 6\"><figure class=\"swiper-slide-inner\"><img decoding=\"async\" class=\"swiper-slide-image\" src=\"https:\/\/venfort.com\/wp-content\/uploads\/elementor\/thumbs\/LOGOS-COLEGIO-ABOGADOS-CARACAS-q6uwyfqulbgjjxc6kgw7n8vm092f4wr05u4f5xwk34.jpg\" alt=\"Ilustres Colegio de Abogados de Caracas\" \/><\/figure><\/div><div class=\"swiper-slide\" role=\"group\" aria-roledescription=\"slide\" aria-label=\"6 sur 6\"><figure class=\"swiper-slide-inner\"><img decoding=\"async\" class=\"swiper-slide-image\" src=\"https:\/\/venfort.com\/wp-content\/uploads\/elementor\/thumbs\/curso-de-acceso-a-la-abogacia-icam-qae0rq441ffpdcuu83yzavuenldgw1ls0419xq5ar8.png\" alt=\"curso-de-acceso-a-la-abogacia-icam\" \/><\/figure><\/div>\t\t\t<\/div>\n\t\t\t\t\t\t\t\n\t\t\t\t\t\t\t\t\t<div class=\"swiper-pagination\"><\/div>\n\t\t\t\t\t\t\t\t\t<\/div>\n\t\t\t\t\t\t<\/div>\n\t\t\t\t<\/div>\n\t\t\t\t<\/div>\n\t\t\t\t\t<\/div>\n\t\t\t\t<\/div>\n\t\t<div class=\"elementor-element elementor-element-a45b11a e-flex e-con-boxed e-con e-parent\" data-id=\"a45b11a\" data-element_type=\"container\" data-e-type=\"container\" data-settings=\"{&quot;background_background&quot;:&quot;classic&quot;}\">\n\t\t\t\t\t<div class=\"e-con-inner\">\n\t\t<div class=\"elementor-element elementor-element-ba283d0 e-con-full e-flex e-con e-child\" data-id=\"ba283d0\" data-element_type=\"container\" data-e-type=\"container\">\n\t\t\t\t<div class=\"elementor-element elementor-element-26d90e2 elementor-widget elementor-widget-heading\" data-id=\"26d90e2\" data-element_type=\"widget\" data-e-type=\"widget\" data-widget_type=\"heading.default\">\n\t\t\t\t<div class=\"elementor-widget-container\">\n\t\t\t\t\t<h2 class=\"elementor-heading-title elementor-size-default\">Confidencialidad, efectividad<br \/>y compromiso<\/h2>\t\t\t\t<\/div>\n\t\t\t\t<\/div>\n\t\t\t\t<div class=\"elementor-element elementor-element-28a50ac elementor-widget elementor-widget-button\" data-id=\"28a50ac\" data-element_type=\"widget\" data-e-type=\"widget\" data-widget_type=\"button.default\">\n\t\t\t\t<div class=\"elementor-widget-container\">\n\t\t\t\t\t\t\t\t\t<div class=\"elementor-button-wrapper\">\n\t\t\t\t\t<a class=\"elementor-button elementor-button-link elementor-size-lg\" href=\"\/contacto\/\">\n\t\t\t\t\t\t<span class=\"elementor-button-content-wrapper\">\n\t\t\t\t\t\t<span class=\"elementor-button-icon\">\n\t\t\t\t<i aria-hidden=\"true\" class=\"far fa-comment\"><\/i>\t\t\t<\/span>\n\t\t\t\t\t\t\t\t\t<span class=\"elementor-button-text\">Cont\u00e1ctanos<\/span>\n\t\t\t\t\t<\/span>\n\t\t\t\t\t<\/a>\n\t\t\t\t<\/div>\n\t\t\t\t\t\t\t\t<\/div>\n\t\t\t\t<\/div>\n\t\t\t\t<\/div>\n\t\t\t\t\t<\/div>\n\t\t\t\t<\/div>\n\t\t\t\t<\/div>\n\t\t","protected":false},"excerpt":{"rendered":"<p>VENFORT ABOGADOS \u00bfQui\u00e9nes somos? &nbsp; Despu\u00e9s de 20 a\u00f1os de experiencia, compromiso y dedicaci\u00f3n, Alan Aldana &amp; Abogados se convierte en VENFORT para ofrecer sus servicios en Espa\u00f1a y Venezuela. &nbsp; En Venezuela, VENFORT by Aldana Abogados se ha especializado en derecho penal econ\u00f3mico, penal internacional y corporativo, \u00e1reas dentro de las cuales incluye el [&hellip;]<\/p>\n","protected":false},"author":1,"featured_media":1605,"parent":0,"menu_order":0,"comment_status":"closed","ping_status":"closed","template":"","meta":{"inline_featured_image":false,"ocean_post_layout":"","ocean_both_sidebars_style":"","ocean_both_sidebars_content_width":0,"ocean_both_sidebars_sidebars_width":0,"ocean_sidebar":"0","ocean_second_sidebar":"0","ocean_disable_margins":"enable","ocean_add_body_class":"","ocean_shortcode_before_top_bar":"","ocean_shortcode_after_top_bar":"","ocean_shortcode_before_header":"","ocean_shortcode_after_header":"","ocean_has_shortcode":"","ocean_shortcode_after_title":"","ocean_shortcode_before_footer_widgets":"","ocean_shortcode_after_footer_widgets":"","ocean_shortcode_before_footer_bottom":"","ocean_shortcode_after_footer_bottom":"","ocean_display_top_bar":"default","ocean_display_header":"default","ocean_header_style":"","ocean_center_header_left_menu":"0","ocean_custom_header_template":"0","ocean_custom_logo":0,"ocean_custom_retina_logo":0,"ocean_custom_logo_max_width":0,"ocean_custom_logo_tablet_max_width":0,"ocean_custom_logo_mobile_max_width":0,"ocean_custom_logo_max_height":0,"ocean_custom_logo_tablet_max_height":0,"ocean_custom_logo_mobile_max_height":0,"ocean_header_custom_menu":"0","ocean_menu_typo_font_family":"0","ocean_menu_typo_font_subset":"","ocean_menu_typo_font_size":0,"ocean_menu_typo_font_size_tablet":0,"ocean_menu_typo_font_size_mobile":0,"ocean_menu_typo_font_size_unit":"px","ocean_menu_typo_font_weight":"","ocean_menu_typo_font_weight_tablet":"","ocean_menu_typo_font_weight_mobile":"","ocean_menu_typo_transform":"","ocean_menu_typo_transform_tablet":"","ocean_menu_typo_transform_mobile":"","ocean_menu_typo_line_height":0,"ocean_menu_typo_line_height_tablet":0,"ocean_menu_typo_line_height_mobile":0,"ocean_menu_typo_line_height_unit":"","ocean_menu_typo_spacing":0,"ocean_menu_typo_spacing_tablet":0,"ocean_menu_typo_spacing_mobile":0,"ocean_menu_typo_spacing_unit":"","ocean_menu_link_color":"","ocean_menu_link_color_hover":"","ocean_menu_link_color_active":"","ocean_menu_link_background":"","ocean_menu_link_hover_background":"","ocean_menu_link_active_background":"","ocean_menu_social_links_bg":"","ocean_menu_social_hover_links_bg":"","ocean_menu_social_links_color":"","ocean_menu_social_hover_links_color":"","ocean_disable_title":"default","ocean_disable_heading":"default","ocean_post_title":"","ocean_post_subheading":"","ocean_post_title_style":"","ocean_post_title_background_color":"","ocean_post_title_background":0,"ocean_post_title_bg_image_position":"","ocean_post_title_bg_image_attachment":"","ocean_post_title_bg_image_repeat":"","ocean_post_title_bg_image_size":"","ocean_post_title_height":0,"ocean_post_title_bg_overlay":0.5,"ocean_post_title_bg_overlay_color":"","ocean_disable_breadcrumbs":"default","ocean_breadcrumbs_color":"","ocean_breadcrumbs_separator_color":"","ocean_breadcrumbs_links_color":"","ocean_breadcrumbs_links_hover_color":"","ocean_display_footer_widgets":"default","ocean_display_footer_bottom":"default","ocean_custom_footer_template":"0","omw_enable_modal_window":"enable","footnotes":""},"class_list":["post-316","page","type-page","status-publish","has-post-thumbnail","hentry","entry","has-media"],"yoast_head":"<!-- This site is optimized with the Yoast SEO plugin v27.4 - https:\/\/yoast.com\/product\/yoast-seo-wordpress\/ -->\n<title>Historia - VENFORT By Alan Aldana &amp; Abogados<\/title>\n<meta name=\"description\" content=\"Tras 20 a\u00f1os de historia VENFORT by Aldana Abogados se ha especializado en derecho penal econ\u00f3mico, penal internacional y corporativo.\" \/>\n<meta name=\"robots\" content=\"index, follow, max-snippet:-1, max-image-preview:large, max-video-preview:-1\" \/>\n<link rel=\"canonical\" href=\"https:\/\/venfort.com\/es\/historia\/\" \/>\n<meta property=\"og:locale\" content=\"es_ES\" \/>\n<meta property=\"og:type\" content=\"article\" \/>\n<meta property=\"og:title\" content=\"Historia - VENFORT By Alan Aldana &amp; Abogados\" \/>\n<meta property=\"og:description\" content=\"Tras 20 a\u00f1os de historia VENFORT by Aldana Abogados se ha especializado en derecho penal econ\u00f3mico, penal internacional y corporativo.\" \/>\n<meta property=\"og:url\" content=\"https:\/\/venfort.com\/es\/historia\/\" \/>\n<meta property=\"og:site_name\" content=\"Venfort\" \/>\n<meta property=\"article:publisher\" content=\"https:\/\/www.facebook.com\/venfortyabogados\" \/>\n<meta property=\"article:modified_time\" content=\"2026-01-29T12:11:46+00:00\" \/>\n<meta property=\"og:image\" content=\"https:\/\/venfort.com\/wp-content\/uploads\/Venfort_Contacto_100kb.jpg\" \/>\n\t<meta property=\"og:image:width\" content=\"1920\" \/>\n\t<meta property=\"og:image:height\" content=\"1080\" \/>\n\t<meta property=\"og:image:type\" content=\"image\/jpeg\" \/>\n<meta name=\"twitter:card\" content=\"summary_large_image\" \/>\n<meta name=\"twitter:site\" content=\"@Venfortabogados\" \/>\n<meta name=\"twitter:label1\" content=\"Tiempo de lectura\" \/>\n\t<meta name=\"twitter:data1\" content=\"4 minutos\" \/>\n<script type=\"application\/ld+json\" class=\"yoast-schema-graph\">{\"@context\":\"https:\\\/\\\/schema.org\",\"@graph\":[{\"@type\":\"WebPage\",\"@id\":\"https:\\\/\\\/venfort.com\\\/es\\\/historia\\\/\",\"url\":\"https:\\\/\\\/venfort.com\\\/es\\\/historia\\\/\",\"name\":\"Historia - VENFORT By Alan Aldana & Abogados\",\"isPartOf\":{\"@id\":\"https:\\\/\\\/venfort.com\\\/#website\"},\"primaryImageOfPage\":{\"@id\":\"https:\\\/\\\/venfort.com\\\/es\\\/historia\\\/#primaryimage\"},\"image\":{\"@id\":\"https:\\\/\\\/venfort.com\\\/es\\\/historia\\\/#primaryimage\"},\"thumbnailUrl\":\"https:\\\/\\\/venfort.com\\\/wp-content\\\/uploads\\\/Venfort_Contacto_100kb.jpg\",\"datePublished\":\"2023-05-22T03:56:58+00:00\",\"dateModified\":\"2026-01-29T12:11:46+00:00\",\"description\":\"Tras 20 a\u00f1os de historia VENFORT by Aldana Abogados se ha especializado en derecho penal econ\u00f3mico, penal internacional y corporativo.\",\"breadcrumb\":{\"@id\":\"https:\\\/\\\/venfort.com\\\/es\\\/historia\\\/#breadcrumb\"},\"inLanguage\":\"es\",\"potentialAction\":[{\"@type\":\"ReadAction\",\"target\":[\"https:\\\/\\\/venfort.com\\\/es\\\/historia\\\/\"]}]},{\"@type\":\"ImageObject\",\"inLanguage\":\"es\",\"@id\":\"https:\\\/\\\/venfort.com\\\/es\\\/historia\\\/#primaryimage\",\"url\":\"https:\\\/\\\/venfort.com\\\/wp-content\\\/uploads\\\/Venfort_Contacto_100kb.jpg\",\"contentUrl\":\"https:\\\/\\\/venfort.com\\\/wp-content\\\/uploads\\\/Venfort_Contacto_100kb.jpg\",\"width\":1920,\"height\":1080,\"caption\":\"VENFORT\"},{\"@type\":\"BreadcrumbList\",\"@id\":\"https:\\\/\\\/venfort.com\\\/es\\\/historia\\\/#breadcrumb\",\"itemListElement\":[{\"@type\":\"ListItem\",\"position\":1,\"name\":\"Portada\",\"item\":\"https:\\\/\\\/venfort.com\\\/\"},{\"@type\":\"ListItem\",\"position\":2,\"name\":\"Historia\"}]},{\"@type\":\"WebSite\",\"@id\":\"https:\\\/\\\/venfort.com\\\/#website\",\"url\":\"https:\\\/\\\/venfort.com\\\/\",\"name\":\"Venfort\",\"description\":\"Firma de Abogados | Derecho Penal Econ\u00f3mico, Derecho Penal Internacional, Derecho de Empresas, Derecho Financiero, Derecho Administrativo, Derecho Civil y Sucesiones Internacionales\",\"publisher\":{\"@id\":\"https:\\\/\\\/venfort.com\\\/#organization\"},\"alternateName\":\"VENFORT\",\"potentialAction\":[{\"@type\":\"SearchAction\",\"target\":{\"@type\":\"EntryPoint\",\"urlTemplate\":\"https:\\\/\\\/venfort.com\\\/?s={search_term_string}\"},\"query-input\":{\"@type\":\"PropertyValueSpecification\",\"valueRequired\":true,\"valueName\":\"search_term_string\"}}],\"inLanguage\":\"es\"},{\"@type\":\"Organization\",\"@id\":\"https:\\\/\\\/venfort.com\\\/#organization\",\"name\":\"Venfort Abogados\",\"alternateName\":\"VENFORT\",\"url\":\"https:\\\/\\\/venfort.com\\\/\",\"logo\":{\"@type\":\"ImageObject\",\"inLanguage\":\"es\",\"@id\":\"https:\\\/\\\/venfort.com\\\/#\\\/schema\\\/logo\\\/image\\\/\",\"url\":\"https:\\\/\\\/venfort.com\\\/wp-content\\\/uploads\\\/2026\\\/03\\\/Logo_Venfort_Horizontal_Color.png\",\"contentUrl\":\"https:\\\/\\\/venfort.com\\\/wp-content\\\/uploads\\\/2026\\\/03\\\/Logo_Venfort_Horizontal_Color.png\",\"width\":1000,\"height\":237,\"caption\":\"Venfort Abogados\"},\"image\":{\"@id\":\"https:\\\/\\\/venfort.com\\\/#\\\/schema\\\/logo\\\/image\\\/\"},\"sameAs\":[\"https:\\\/\\\/www.facebook.com\\\/venfortyabogados\",\"https:\\\/\\\/x.com\\\/Venfortabogados\",\"https:\\\/\\\/www.linkedin.com\\\/company\\\/venfort-aldana-abogados\",\"https:\\\/\\\/www.instagram.com\\\/venfortabogados\"]}]}<\/script>\n<!-- \/ Yoast SEO plugin. -->","yoast_head_json":{"title":"Historia - VENFORT By Alan Aldana & Abogados","description":"Tras 20 a\u00f1os de historia VENFORT by Aldana Abogados se ha especializado en derecho penal econ\u00f3mico, penal internacional y corporativo.","robots":{"index":"index","follow":"follow","max-snippet":"max-snippet:-1","max-image-preview":"max-image-preview:large","max-video-preview":"max-video-preview:-1"},"canonical":"https:\/\/venfort.com\/es\/historia\/","og_locale":"es_ES","og_type":"article","og_title":"Historia - VENFORT By Alan Aldana & Abogados","og_description":"Tras 20 a\u00f1os de historia VENFORT by Aldana Abogados se ha especializado en derecho penal econ\u00f3mico, penal internacional y corporativo.","og_url":"https:\/\/venfort.com\/es\/historia\/","og_site_name":"Venfort","article_publisher":"https:\/\/www.facebook.com\/venfortyabogados","article_modified_time":"2026-01-29T12:11:46+00:00","og_image":[{"width":1920,"height":1080,"url":"https:\/\/venfort.com\/wp-content\/uploads\/Venfort_Contacto_100kb.jpg","type":"image\/jpeg"}],"twitter_card":"summary_large_image","twitter_site":"@Venfortabogados","twitter_misc":{"Tiempo de lectura":"4 minutos"},"schema":{"@context":"https:\/\/schema.org","@graph":[{"@type":"WebPage","@id":"https:\/\/venfort.com\/es\/historia\/","url":"https:\/\/venfort.com\/es\/historia\/","name":"Historia - VENFORT By Alan Aldana & Abogados","isPartOf":{"@id":"https:\/\/venfort.com\/#website"},"primaryImageOfPage":{"@id":"https:\/\/venfort.com\/es\/historia\/#primaryimage"},"image":{"@id":"https:\/\/venfort.com\/es\/historia\/#primaryimage"},"thumbnailUrl":"https:\/\/venfort.com\/wp-content\/uploads\/Venfort_Contacto_100kb.jpg","datePublished":"2023-05-22T03:56:58+00:00","dateModified":"2026-01-29T12:11:46+00:00","description":"Tras 20 a\u00f1os de historia VENFORT by Aldana Abogados se ha especializado en derecho penal econ\u00f3mico, penal internacional y corporativo.","breadcrumb":{"@id":"https:\/\/venfort.com\/es\/historia\/#breadcrumb"},"inLanguage":"es","potentialAction":[{"@type":"ReadAction","target":["https:\/\/venfort.com\/es\/historia\/"]}]},{"@type":"ImageObject","inLanguage":"es","@id":"https:\/\/venfort.com\/es\/historia\/#primaryimage","url":"https:\/\/venfort.com\/wp-content\/uploads\/Venfort_Contacto_100kb.jpg","contentUrl":"https:\/\/venfort.com\/wp-content\/uploads\/Venfort_Contacto_100kb.jpg","width":1920,"height":1080,"caption":"VENFORT"},{"@type":"BreadcrumbList","@id":"https:\/\/venfort.com\/es\/historia\/#breadcrumb","itemListElement":[{"@type":"ListItem","position":1,"name":"Portada","item":"https:\/\/venfort.com\/"},{"@type":"ListItem","position":2,"name":"Historia"}]},{"@type":"WebSite","@id":"https:\/\/venfort.com\/#website","url":"https:\/\/venfort.com\/","name":"Venfort","description":"Firma de Abogados | Derecho Penal Econ\u00f3mico, Derecho Penal Internacional, Derecho de Empresas, Derecho Financiero, Derecho Administrativo, Derecho Civil y Sucesiones Internacionales","publisher":{"@id":"https:\/\/venfort.com\/#organization"},"alternateName":"VENFORT","potentialAction":[{"@type":"SearchAction","target":{"@type":"EntryPoint","urlTemplate":"https:\/\/venfort.com\/?s={search_term_string}"},"query-input":{"@type":"PropertyValueSpecification","valueRequired":true,"valueName":"search_term_string"}}],"inLanguage":"es"},{"@type":"Organization","@id":"https:\/\/venfort.com\/#organization","name":"Venfort Abogados","alternateName":"VENFORT","url":"https:\/\/venfort.com\/","logo":{"@type":"ImageObject","inLanguage":"es","@id":"https:\/\/venfort.com\/#\/schema\/logo\/image\/","url":"https:\/\/venfort.com\/wp-content\/uploads\/2026\/03\/Logo_Venfort_Horizontal_Color.png","contentUrl":"https:\/\/venfort.com\/wp-content\/uploads\/2026\/03\/Logo_Venfort_Horizontal_Color.png","width":1000,"height":237,"caption":"Venfort Abogados"},"image":{"@id":"https:\/\/venfort.com\/#\/schema\/logo\/image\/"},"sameAs":["https:\/\/www.facebook.com\/venfortyabogados","https:\/\/x.com\/Venfortabogados","https:\/\/www.linkedin.com\/company\/venfort-aldana-abogados","https:\/\/www.instagram.com\/venfortabogados"]}]}},"_links":{"self":[{"href":"https:\/\/venfort.com\/es\/wp-json\/wp\/v2\/pages\/316","targetHints":{"allow":["GET"]}}],"collection":[{"href":"https:\/\/venfort.com\/es\/wp-json\/wp\/v2\/pages"}],"about":[{"href":"https:\/\/venfort.com\/es\/wp-json\/wp\/v2\/types\/page"}],"author":[{"embeddable":true,"href":"https:\/\/venfort.com\/es\/wp-json\/wp\/v2\/users\/1"}],"replies":[{"embeddable":true,"href":"https:\/\/venfort.com\/es\/wp-json\/wp\/v2\/comments?post=316"}],"version-history":[{"count":8,"href":"https:\/\/venfort.com\/es\/wp-json\/wp\/v2\/pages\/316\/revisions"}],"predecessor-version":[{"id":4453,"href":"https:\/\/venfort.com\/es\/wp-json\/wp\/v2\/pages\/316\/revisions\/4453"}],"wp:featuredmedia":[{"embeddable":true,"href":"https:\/\/venfort.com\/es\/wp-json\/wp\/v2\/media\/1605"}],"wp:attachment":[{"href":"https:\/\/venfort.com\/es\/wp-json\/wp\/v2\/media?parent=316"}],"curies":[{"name":"wp","href":"https:\/\/api.w.org\/{rel}","templated":true}]}}