{"id":1618,"date":"2023-08-11T16:28:55","date_gmt":"2023-08-11T20:28:55","guid":{"rendered":"http:\/\/venfort.com\/?page_id=1618"},"modified":"2023-11-01T10:24:28","modified_gmt":"2023-11-01T14:24:28","slug":"%e0%a4%95%e0%a5%81%e0%a4%95%e0%a5%80-%e0%a4%a8%e0%a5%80%e0%a4%a4%e0%a4%bf","status":"publish","type":"page","link":"https:\/\/venfort.com\/hi\/politica-de-cookies\/","title":{"rendered":"\u0915\u0941\u0915\u0940 \u0928\u0940\u0924\u093f"},"content":{"rendered":"<h1 class=\"wp-block-heading\">\u0915\u0941\u0915\u0940 \u0928\u0940\u0924\u093f<\/h1>\n\n\n\n<p>\u092f\u0939 \u0935\u0947\u092c\u0938\u093e\u0907\u091f \u0909\u092a\u092f\u094b\u0917\u0915\u0930\u094d\u0924\u093e\u0913\u0902 \u0926\u094d\u0935\u093e\u0930\u093e \u0935\u0947\u092c\u0938\u093e\u0907\u091f \u0915\u0947 \u0909\u092a\u092f\u094b\u0917 \u0915\u0947 \u0924\u0930\u0940\u0915\u0947 \u0915\u0947 \u092c\u093e\u0930\u0947 \u092e\u0947\u0902 \u091c\u093e\u0928\u0915\u093e\u0930\u0940 \u090f\u0915\u0924\u094d\u0930 \u0915\u0930\u0928\u0947 \u0915\u0947 \u0932\u093f\u090f \u0905\u092a\u0928\u0940 \u0914\u0930 \u0924\u0943\u0924\u0940\u092f-\u092a\u0915\u094d\u0937 \u201c\u0915\u0941\u0915\u0940\u091c\u093c\u201d \u0915\u093e \u0909\u092a\u092f\u094b\u0917 \u0915\u0930\u0924\u0940 \u0939\u0948, \u091c\u0948\u0938\u0947 \u0915\u093f \u0909\u092a\u092f\u094b\u0917\u0915\u0930\u094d\u0924\u093e \u0926\u094d\u0935\u093e\u0930\u093e \u0935\u0947\u092c\u0938\u093e\u0907\u091f \u092a\u0930 \u092a\u0939\u0941\u0901\u091a\u0928\u0947 \u0915\u0940 \u0924\u093e\u0930\u0940\u0916 \u0914\u0930 \u0938\u092e\u092f \u092f\u093e \u0909\u092a\u092f\u094b\u0917\u0915\u0930\u094d\u0924\u093e \u0926\u094d\u0935\u093e\u0930\u093e \u0926\u0947\u0916\u0940 \u0917\u0908 \u0938\u093e\u092e\u0917\u094d\u0930\u0940\u0964 \u092f\u0939 \u0938\u092c \u0907\u0938 \u0935\u0947\u092c\u0938\u093e\u0907\u091f \u092a\u0930 \u0935\u093f\u091c\u093c\u093f\u091f \u0915\u094b \u0905\u0928\u0941\u0915\u0942\u0932\u093f\u0924 \u0915\u0930\u0928\u0947 \u092e\u0947\u0902 \u092e\u0926\u0926 \u0915\u0930\u0928\u0947 \u0915\u0947 \u0932\u093f\u090f \u0915\u093f\u092f\u093e \u091c\u093e\u0924\u093e \u0939\u0948\u0964.<\/p>\n\n\n\n<p>\u0915\u0941\u0915\u0940 \u0928\u0940\u0924\u093f \u0915\u093e \u0909\u0926\u094d\u0926\u0947\u0936\u094d\u092f \u0909\u092a\u092f\u094b\u0917\u0915\u0930\u094d\u0924\u093e \u0915\u094b \u0938\u094d\u092a\u0937\u094d\u091f \u0930\u0942\u092a \u0938\u0947 \u092f\u0939 \u092c\u0924\u093e\u0928\u093e \u0939\u0948 \u0915\u093f \u0907\u0938 \u0935\u0947\u092c\u0938\u093e\u0907\u091f \u092a\u0930 \u0915\u0941\u0915\u0940\u091c\u093c \u0915\u093e \u0909\u092a\u092f\u094b\u0917 \u0915\u0948\u0938\u0947 \u0915\u093f\u092f\u093e \u091c\u093e\u0924\u093e \u0939\u0948\u0964 \u0915\u0941\u0915\u0940\u091c\u093c \u0915\u093e \u0909\u092a\u092f\u094b\u0917 \u0935\u094d\u092f\u0915\u094d\u0924\u093f\u0917\u0924 \u091c\u093e\u0928\u0915\u093e\u0930\u0940 \u090f\u0915\u0924\u094d\u0930 \u0915\u0930\u0928\u0947 \u0915\u0947 \u0932\u093f\u090f \u0928\u0939\u0940\u0902 \u0915\u093f\u092f\u093e \u091c\u093e\u090f\u0917\u093e\u0964 \u0906\u092a \u0909\u0928\u0915\u093e \u0909\u092a\u092f\u094b\u0917 \u0915\u0930\u0928\u0947 \u0915\u0940 \u0905\u0928\u0941\u092e\u0924\u093f \u0926\u0947 \u0938\u0915\u0924\u0947 \u0939\u0948\u0902 \u092f\u093e \u0905\u0938\u094d\u0935\u0940\u0915\u093e\u0930 \u0915\u0930 \u0938\u0915\u0924\u0947 \u0939\u0948\u0902, \u0914\u0930 \u091c\u092c \u091a\u093e\u0939\u0947\u0902 \u0905\u092a\u0928\u0940 \u0938\u0947\u091f\u093f\u0902\u0917\u094d\u0938 \u092c\u0926\u0932 \u0938\u0915\u0924\u0947 \u0939\u0948\u0902\u0964.<\/p>","protected":false},"excerpt":{"rendered":"<p>Pol\u00edtica de Cookies Este sitio web emplea la tecnolog\u00eda denominada \u201ccookies\u201d propias y de terceros para recopilar informaci\u00f3n sobre la utilizaci\u00f3n por parte de los Usuarios del sitio web, tales como: fecha y hora en la que el Usuario ha accedido a la web o los contenidos que el Usuario ha visitado. Todo ello con [&hellip;]<\/p>\n","protected":false},"author":1,"featured_media":1605,"parent":0,"menu_order":0,"comment_status":"closed","ping_status":"closed","template":"","meta":{"inline_featured_image":false,"ocean_post_layout":"full-width","ocean_both_sidebars_style":"","ocean_both_sidebars_content_width":0,"ocean_both_sidebars_sidebars_width":0,"ocean_sidebar":"0","ocean_second_sidebar":"0","ocean_disable_margins":"enable","ocean_add_body_class":"","ocean_shortcode_before_top_bar":"","ocean_shortcode_after_top_bar":"","ocean_shortcode_before_header":"","ocean_shortcode_after_header":"","ocean_has_shortcode":"","ocean_shortcode_after_title":"","ocean_shortcode_before_footer_widgets":"","ocean_shortcode_after_footer_widgets":"","ocean_shortcode_before_footer_bottom":"","ocean_shortcode_after_footer_bottom":"","ocean_display_top_bar":"default","ocean_display_header":"on","ocean_header_style":"full_screen","ocean_center_header_left_menu":"0","ocean_custom_header_template":"0","ocean_custom_logo":0,"ocean_custom_retina_logo":0,"ocean_custom_logo_max_width":0,"ocean_custom_logo_tablet_max_width":0,"ocean_custom_logo_mobile_max_width":0,"ocean_custom_logo_max_height":0,"ocean_custom_logo_tablet_max_height":0,"ocean_custom_logo_mobile_max_height":0,"ocean_header_custom_menu":"0","ocean_menu_typo_font_family":"0","ocean_menu_typo_font_subset":"","ocean_menu_typo_font_size":0,"ocean_menu_typo_font_size_tablet":0,"ocean_menu_typo_font_size_mobile":0,"ocean_menu_typo_font_size_unit":"px","ocean_menu_typo_font_weight":"","ocean_menu_typo_font_weight_tablet":"","ocean_menu_typo_font_weight_mobile":"","ocean_menu_typo_transform":"","ocean_menu_typo_transform_tablet":"","ocean_menu_typo_transform_mobile":"","ocean_menu_typo_line_height":0,"ocean_menu_typo_line_height_tablet":0,"ocean_menu_typo_line_height_mobile":0,"ocean_menu_typo_line_height_unit":"","ocean_menu_typo_spacing":0,"ocean_menu_typo_spacing_tablet":0,"ocean_menu_typo_spacing_mobile":0,"ocean_menu_typo_spacing_unit":"","ocean_menu_link_color":"","ocean_menu_link_color_hover":"","ocean_menu_link_color_active":"","ocean_menu_link_background":"","ocean_menu_link_hover_background":"","ocean_menu_link_active_background":"","ocean_menu_social_links_bg":"","ocean_menu_social_hover_links_bg":"","ocean_menu_social_links_color":"","ocean_menu_social_hover_links_color":"","ocean_disable_title":"default","ocean_disable_heading":"default","ocean_post_title":"","ocean_post_subheading":"","ocean_post_title_style":"","ocean_post_title_background_color":"","ocean_post_title_background":0,"ocean_post_title_bg_image_position":"","ocean_post_title_bg_image_attachment":"","ocean_post_title_bg_image_repeat":"","ocean_post_title_bg_image_size":"","ocean_post_title_height":0,"ocean_post_title_bg_overlay":0.5,"ocean_post_title_bg_overlay_color":"","ocean_disable_breadcrumbs":"default","ocean_breadcrumbs_color":"","ocean_breadcrumbs_separator_color":"","ocean_breadcrumbs_links_color":"","ocean_breadcrumbs_links_hover_color":"","ocean_display_footer_widgets":"default","ocean_display_footer_bottom":"default","ocean_custom_footer_template":"0","omw_enable_modal_window":"enable","footnotes":""},"class_list":["post-1618","page","type-page","status-publish","has-post-thumbnail","hentry","entry","has-media"],"yoast_head":"<!-- This site is optimized with the Yoast SEO plugin v27.3 - https:\/\/yoast.com\/product\/yoast-seo-wordpress\/ -->\n<title>Pol\u00edtica de Cookies - VENFORT By Alan Aldana &amp; Abogados<\/title>\n<meta name=\"description\" content=\"En esta p\u00e1gina puedes encontrar todo lo relacionado con nuestra pol\u00edtica de cookies y el uso que hacemos de los datos.\" \/>\n<meta name=\"robots\" content=\"index, follow, max-snippet:-1, max-image-preview:large, max-video-preview:-1\" \/>\n<link rel=\"canonical\" href=\"https:\/\/venfort.com\/hi\/\u0915\u0941\u0915\u0940-\u0928\u0940\u0924\u093f\/\" \/>\n<meta property=\"og:locale\" content=\"hi_IN\" \/>\n<meta property=\"og:type\" content=\"article\" \/>\n<meta property=\"og:title\" content=\"Pol\u00edtica de Cookies - VENFORT By Alan Aldana &amp; Abogados\" \/>\n<meta property=\"og:description\" content=\"En esta p\u00e1gina puedes encontrar todo lo relacionado con nuestra pol\u00edtica de cookies y el uso que hacemos de los datos.\" \/>\n<meta property=\"og:url\" content=\"https:\/\/venfort.com\/hi\/\u0915\u0941\u0915\u0940-\u0928\u0940\u0924\u093f\/\" \/>\n<meta property=\"og:site_name\" content=\"Venfort\" \/>\n<meta property=\"article:publisher\" content=\"https:\/\/www.facebook.com\/venfortyabogados\" \/>\n<meta property=\"article:modified_time\" content=\"2023-11-01T14:24:28+00:00\" \/>\n<meta property=\"og:image\" content=\"https:\/\/venfort.com\/wp-content\/uploads\/Venfort_Contacto_100kb.jpg\" \/>\n\t<meta property=\"og:image:width\" content=\"1920\" \/>\n\t<meta property=\"og:image:height\" content=\"1080\" \/>\n\t<meta property=\"og:image:type\" content=\"image\/jpeg\" \/>\n<meta name=\"twitter:card\" content=\"summary_large_image\" \/>\n<meta name=\"twitter:site\" content=\"@Venfortabogados\" \/>\n<meta name=\"twitter:label1\" content=\"\u0905\u0928\u0941\u092e\u093e\u0928\u093f\u0924 \u092a\u0922\u093c\u0928\u0947 \u0915\u093e \u0938\u092e\u092f\" \/>\n\t<meta name=\"twitter:data1\" content=\"1 \u092e\u093f\u0928\u091f\" \/>\n<script type=\"application\/ld+json\" class=\"yoast-schema-graph\">{\"@context\":\"https:\\\/\\\/schema.org\",\"@graph\":[{\"@type\":\"WebPage\",\"@id\":\"https:\\\/\\\/venfort.com\\\/politica-de-cookies\\\/\",\"url\":\"https:\\\/\\\/venfort.com\\\/politica-de-cookies\\\/\",\"name\":\"Pol\u00edtica de Cookies - VENFORT By Alan Aldana & Abogados\",\"isPartOf\":{\"@id\":\"https:\\\/\\\/venfort.com\\\/#website\"},\"primaryImageOfPage\":{\"@id\":\"https:\\\/\\\/venfort.com\\\/politica-de-cookies\\\/#primaryimage\"},\"image\":{\"@id\":\"https:\\\/\\\/venfort.com\\\/politica-de-cookies\\\/#primaryimage\"},\"thumbnailUrl\":\"https:\\\/\\\/venfort.com\\\/wp-content\\\/uploads\\\/Venfort_Contacto_100kb.jpg\",\"datePublished\":\"2023-08-11T20:28:55+00:00\",\"dateModified\":\"2023-11-01T14:24:28+00:00\",\"description\":\"En esta p\u00e1gina puedes encontrar todo lo relacionado con nuestra pol\u00edtica de cookies y el uso que hacemos de los datos.\",\"breadcrumb\":{\"@id\":\"https:\\\/\\\/venfort.com\\\/politica-de-cookies\\\/#breadcrumb\"},\"inLanguage\":\"hi-IN\",\"potentialAction\":[{\"@type\":\"ReadAction\",\"target\":[\"https:\\\/\\\/venfort.com\\\/politica-de-cookies\\\/\"]}]},{\"@type\":\"ImageObject\",\"inLanguage\":\"hi-IN\",\"@id\":\"https:\\\/\\\/venfort.com\\\/politica-de-cookies\\\/#primaryimage\",\"url\":\"https:\\\/\\\/venfort.com\\\/wp-content\\\/uploads\\\/Venfort_Contacto_100kb.jpg\",\"contentUrl\":\"https:\\\/\\\/venfort.com\\\/wp-content\\\/uploads\\\/Venfort_Contacto_100kb.jpg\",\"width\":1920,\"height\":1080,\"caption\":\"VENFORT\"},{\"@type\":\"BreadcrumbList\",\"@id\":\"https:\\\/\\\/venfort.com\\\/politica-de-cookies\\\/#breadcrumb\",\"itemListElement\":[{\"@type\":\"ListItem\",\"position\":1,\"name\":\"Portada\",\"item\":\"https:\\\/\\\/venfort.com\\\/\"},{\"@type\":\"ListItem\",\"position\":2,\"name\":\"Pol\u00edtica de Cookies\"}]},{\"@type\":\"WebSite\",\"@id\":\"https:\\\/\\\/venfort.com\\\/#website\",\"url\":\"https:\\\/\\\/venfort.com\\\/\",\"name\":\"Venfort\",\"description\":\"Firma de Abogados | Derecho Penal Econ\u00f3mico, Derecho Penal Internacional, Derecho de Empresas, Derecho Financiero, Derecho Administrativo, Derecho Civil y Sucesiones Internacionales\",\"publisher\":{\"@id\":\"https:\\\/\\\/venfort.com\\\/#organization\"},\"alternateName\":\"VENFORT\",\"potentialAction\":[{\"@type\":\"SearchAction\",\"target\":{\"@type\":\"EntryPoint\",\"urlTemplate\":\"https:\\\/\\\/venfort.com\\\/?s={search_term_string}\"},\"query-input\":{\"@type\":\"PropertyValueSpecification\",\"valueRequired\":true,\"valueName\":\"search_term_string\"}}],\"inLanguage\":\"hi-IN\"},{\"@type\":\"Organization\",\"@id\":\"https:\\\/\\\/venfort.com\\\/#organization\",\"name\":\"Venfort Abogados\",\"alternateName\":\"VENFORT\",\"url\":\"https:\\\/\\\/venfort.com\\\/\",\"logo\":{\"@type\":\"ImageObject\",\"inLanguage\":\"hi-IN\",\"@id\":\"https:\\\/\\\/venfort.com\\\/#\\\/schema\\\/logo\\\/image\\\/\",\"url\":\"https:\\\/\\\/venfort.com\\\/wp-content\\\/uploads\\\/2026\\\/03\\\/Logo_Venfort_Horizontal_Color.png\",\"contentUrl\":\"https:\\\/\\\/venfort.com\\\/wp-content\\\/uploads\\\/2026\\\/03\\\/Logo_Venfort_Horizontal_Color.png\",\"width\":1000,\"height\":237,\"caption\":\"Venfort Abogados\"},\"image\":{\"@id\":\"https:\\\/\\\/venfort.com\\\/#\\\/schema\\\/logo\\\/image\\\/\"},\"sameAs\":[\"https:\\\/\\\/www.facebook.com\\\/venfortyabogados\",\"https:\\\/\\\/x.com\\\/Venfortabogados\",\"https:\\\/\\\/www.linkedin.com\\\/company\\\/venfort-aldana-abogados\",\"https:\\\/\\\/www.instagram.com\\\/venfortabogados\"]}]}<\/script>\n<!-- \/ Yoast SEO plugin. -->","yoast_head_json":{"title":"\u0915\u0941\u0915\u0940 \u0928\u0940\u0924\u093f - \u0935\u0947\u0902\u092b\u094b\u0930\u094d\u091f \u090f\u0932\u0928 \u0905\u0932\u094d\u0921\u093e\u0928\u093e \u0914\u0930 \u0938\u0949\u0932\u093f\u0938\u093f\u091f\u0930\u094d\u0938 \u0926\u094d\u0935\u093e\u0930\u093e","description":"\u0907\u0938 \u092a\u0943\u0937\u094d\u0920 \u092a\u0930, \u0906\u092a \u0939\u092e\u093e\u0930\u0940 \u0915\u0941\u0915\u0940 \u0928\u0940\u0924\u093f \u0914\u0930 \u0939\u092e \u0921\u0947\u091f\u093e \u0915\u093e \u0909\u092a\u092f\u094b\u0917 \u0915\u0948\u0938\u0947 \u0915\u0930\u0924\u0947 \u0939\u0948\u0902, \u0938\u0947 \u0938\u0902\u092c\u0902\u0927\u093f\u0924 \u0938\u092d\u0940 \u091c\u093e\u0928\u0915\u093e\u0930\u0940 \u092a\u093e \u0938\u0915\u0924\u0947 \u0939\u0948\u0902\u0964.","robots":{"index":"index","follow":"follow","max-snippet":"max-snippet:-1","max-image-preview":"max-image-preview:large","max-video-preview":"max-video-preview:-1"},"canonical":"https:\/\/venfort.com\/hi\/\u0915\u0941\u0915\u0940-\u0928\u0940\u0924\u093f\/","og_locale":"hi_IN","og_type":"article","og_title":"Pol\u00edtica de Cookies - VENFORT By Alan Aldana & Abogados","og_description":"En esta p\u00e1gina puedes encontrar todo lo relacionado con nuestra pol\u00edtica de cookies y el uso que hacemos de los datos.","og_url":"https:\/\/venfort.com\/hi\/\u0915\u0941\u0915\u0940-\u0928\u0940\u0924\u093f\/","og_site_name":"Venfort","article_publisher":"https:\/\/www.facebook.com\/venfortyabogados","article_modified_time":"2023-11-01T14:24:28+00:00","og_image":[{"width":1920,"height":1080,"url":"https:\/\/venfort.com\/wp-content\/uploads\/Venfort_Contacto_100kb.jpg","type":"image\/jpeg"}],"twitter_card":"summary_large_image","twitter_site":"@Venfortabogados","twitter_misc":{"\u0905\u0928\u0941\u092e\u093e\u0928\u093f\u0924 \u092a\u0922\u093c\u0928\u0947 \u0915\u093e \u0938\u092e\u092f":"1 \u092e\u093f\u0928\u091f"},"schema":{"@context":"https:\/\/schema.org","@graph":[{"@type":"WebPage","@id":"https:\/\/venfort.com\/politica-de-cookies\/","url":"https:\/\/venfort.com\/politica-de-cookies\/","name":"\u0915\u0941\u0915\u0940 \u0928\u0940\u0924\u093f - \u0935\u0947\u0902\u092b\u094b\u0930\u094d\u091f \u090f\u0932\u0928 \u0905\u0932\u094d\u0921\u093e\u0928\u093e \u0914\u0930 \u0938\u0949\u0932\u093f\u0938\u093f\u091f\u0930\u094d\u0938 \u0926\u094d\u0935\u093e\u0930\u093e","isPartOf":{"@id":"https:\/\/venfort.com\/#website"},"primaryImageOfPage":{"@id":"https:\/\/venfort.com\/politica-de-cookies\/#primaryimage"},"image":{"@id":"https:\/\/venfort.com\/politica-de-cookies\/#primaryimage"},"thumbnailUrl":"https:\/\/venfort.com\/wp-content\/uploads\/Venfort_Contacto_100kb.jpg","datePublished":"2023-08-11T20:28:55+00:00","dateModified":"2023-11-01T14:24:28+00:00","description":"\u0907\u0938 \u092a\u0943\u0937\u094d\u0920 \u092a\u0930, \u0906\u092a \u0939\u092e\u093e\u0930\u0940 \u0915\u0941\u0915\u0940 \u0928\u0940\u0924\u093f \u0914\u0930 \u0939\u092e \u0921\u0947\u091f\u093e \u0915\u093e \u0909\u092a\u092f\u094b\u0917 \u0915\u0948\u0938\u0947 \u0915\u0930\u0924\u0947 \u0939\u0948\u0902, \u0938\u0947 \u0938\u0902\u092c\u0902\u0927\u093f\u0924 \u0938\u092d\u0940 \u091c\u093e\u0928\u0915\u093e\u0930\u0940 \u092a\u093e \u0938\u0915\u0924\u0947 \u0939\u0948\u0902\u0964.","breadcrumb":{"@id":"https:\/\/venfort.com\/politica-de-cookies\/#breadcrumb"},"inLanguage":"hi-IN","potentialAction":[{"@type":"ReadAction","target":["https:\/\/venfort.com\/politica-de-cookies\/"]}]},{"@type":"ImageObject","inLanguage":"hi-IN","@id":"https:\/\/venfort.com\/politica-de-cookies\/#primaryimage","url":"https:\/\/venfort.com\/wp-content\/uploads\/Venfort_Contacto_100kb.jpg","contentUrl":"https:\/\/venfort.com\/wp-content\/uploads\/Venfort_Contacto_100kb.jpg","width":1920,"height":1080,"caption":"VENFORT"},{"@type":"BreadcrumbList","@id":"https:\/\/venfort.com\/politica-de-cookies\/#breadcrumb","itemListElement":[{"@type":"ListItem","position":1,"name":"Portada","item":"https:\/\/venfort.com\/"},{"@type":"ListItem","position":2,"name":"Pol\u00edtica de Cookies"}]},{"@type":"WebSite","@id":"https:\/\/venfort.com\/#website","url":"https:\/\/venfort.com\/","name":"\u0935\u0947\u0928\u092b\u094b\u0930\u094d\u091f","description":"\u0915\u093e\u0928\u0942\u0928\u0940 \u092b\u0930\u094d\u092e | \u0906\u0930\u094d\u0925\u093f\u0915 \u0906\u092a\u0930\u093e\u0927\u093f\u0915 \u0915\u093e\u0928\u0942\u0928, \u0905\u0902\u0924\u0930\u094d\u0930\u093e\u0937\u094d\u091f\u094d\u0930\u0940\u092f \u0906\u092a\u0930\u093e\u0927\u093f\u0915 \u0915\u093e\u0928\u0942\u0928, \u0915\u0949\u0930\u094d\u092a\u094b\u0930\u0947\u091f \u0915\u093e\u0928\u0942\u0928, \u0935\u093f\u0924\u094d\u0924\u0940\u092f \u0915\u093e\u0928\u0942\u0928, \u092a\u094d\u0930\u0936\u093e\u0938\u0928\u093f\u0915 \u0915\u093e\u0928\u0942\u0928, \u0928\u093e\u0917\u0930\u093f\u0915 \u0915\u093e\u0928\u0942\u0928 \u0914\u0930 \u0905\u0902\u0924\u0930\u094d\u0930\u093e\u0937\u094d\u091f\u094d\u0930\u0940\u092f \u0909\u0924\u094d\u0924\u0930\u093e\u0927\u093f\u0915\u093e\u0930","publisher":{"@id":"https:\/\/venfort.com\/#organization"},"alternateName":"VENFORT","potentialAction":[{"@type":"SearchAction","target":{"@type":"EntryPoint","urlTemplate":"https:\/\/venfort.com\/?s={search_term_string}"},"query-input":{"@type":"PropertyValueSpecification","valueRequired":true,"valueName":"search_term_string"}}],"inLanguage":"hi-IN"},{"@type":"Organization","@id":"https:\/\/venfort.com\/#organization","name":"\u0935\u0947\u0928\u092b\u094b\u0930\u094d\u091f \u0905\u092c\u094b\u0917\u093e\u0921\u094b\u0938","alternateName":"VENFORT","url":"https:\/\/venfort.com\/","logo":{"@type":"ImageObject","inLanguage":"hi-IN","@id":"https:\/\/venfort.com\/#\/schema\/logo\/image\/","url":"https:\/\/venfort.com\/wp-content\/uploads\/2026\/03\/Logo_Venfort_Horizontal_Color.png","contentUrl":"https:\/\/venfort.com\/wp-content\/uploads\/2026\/03\/Logo_Venfort_Horizontal_Color.png","width":1000,"height":237,"caption":"Venfort Abogados"},"image":{"@id":"https:\/\/venfort.com\/#\/schema\/logo\/image\/"},"sameAs":["https:\/\/www.facebook.com\/venfortyabogados","https:\/\/x.com\/Venfortabogados","https:\/\/www.linkedin.com\/company\/venfort-aldana-abogados","https:\/\/www.instagram.com\/venfortabogados"]}]}},"_links":{"self":[{"href":"https:\/\/venfort.com\/hi\/wp-json\/wp\/v2\/pages\/1618","targetHints":{"allow":["GET"]}}],"collection":[{"href":"https:\/\/venfort.com\/hi\/wp-json\/wp\/v2\/pages"}],"about":[{"href":"https:\/\/venfort.com\/hi\/wp-json\/wp\/v2\/types\/page"}],"author":[{"embeddable":true,"href":"https:\/\/venfort.com\/hi\/wp-json\/wp\/v2\/users\/1"}],"replies":[{"embeddable":true,"href":"https:\/\/venfort.com\/hi\/wp-json\/wp\/v2\/comments?post=1618"}],"version-history":[{"count":1,"href":"https:\/\/venfort.com\/hi\/wp-json\/wp\/v2\/pages\/1618\/revisions"}],"predecessor-version":[{"id":2871,"href":"https:\/\/venfort.com\/hi\/wp-json\/wp\/v2\/pages\/1618\/revisions\/2871"}],"wp:featuredmedia":[{"embeddable":true,"href":"https:\/\/venfort.com\/hi\/wp-json\/wp\/v2\/media\/1605"}],"wp:attachment":[{"href":"https:\/\/venfort.com\/hi\/wp-json\/wp\/v2\/media?parent=1618"}],"curies":[{"name":"\u0921\u092c\u094d\u0932\u094d\u092f\u0942\u092a\u0940","href":"https:\/\/api.w.org\/{rel}","templated":true}]}}