{"id":316,"date":"2023-05-21T23:56:58","date_gmt":"2023-05-22T03:56:58","guid":{"rendered":"http:\/\/venfort.com\/?page_id=316"},"modified":"2026-01-29T08:11:46","modified_gmt":"2026-01-29T12:11:46","slug":"%e5%8e%86%e5%8f%b2","status":"publish","type":"page","link":"https:\/\/venfort.com\/zh\/historia\/","title":{"rendered":"\u5386\u53f2"},"content":{"rendered":"<div data-elementor-type=\"wp-page\" data-elementor-id=\"316\" class=\"elementor elementor-316\">\n\t\t\t\t<div class=\"elementor-element elementor-element-824822a e-con-full e-flex e-con e-parent\" data-id=\"824822a\" data-element_type=\"container\" data-e-type=\"container\" data-settings=\"{&quot;background_background&quot;:&quot;classic&quot;}\">\n\t\t<div class=\"elementor-element elementor-element-0c64e12 e-con-full e-flex e-con e-child\" data-id=\"0c64e12\" data-element_type=\"container\" data-e-type=\"container\">\n\t\t\t\t<\/div>\n\t\t<div class=\"elementor-element elementor-element-1fcdda4 e-con-full e-flex e-con e-child\" data-id=\"1fcdda4\" data-element_type=\"container\" data-e-type=\"container\" data-settings=\"{&quot;background_background&quot;:&quot;classic&quot;}\">\n\t\t\t\t<div class=\"elementor-element elementor-element-32bcf65 elementor-widget elementor-widget-heading\" data-id=\"32bcf65\" data-element_type=\"widget\" data-e-type=\"widget\" data-widget_type=\"heading.default\">\n\t\t\t\t<div class=\"elementor-widget-container\">\n\t\t\t\t\t<h1 class=\"elementor-heading-title elementor-size-default\">\u6587\u798f\u7279\n\u5f8b\u5e08<\/h1>\t\t\t\t<\/div>\n\t\t\t\t<\/div>\n\t\t\t\t<\/div>\n\t\t\t\t<\/div>\n\t\t<div class=\"elementor-element elementor-element-036a520 e-flex e-con-boxed e-con e-parent\" data-id=\"036a520\" data-element_type=\"container\" data-e-type=\"container\">\n\t\t\t\t\t<div class=\"e-con-inner\">\n\t\t<div class=\"elementor-element elementor-element-2af81e1 e-flex e-con-boxed e-con e-child\" data-id=\"2af81e1\" data-element_type=\"container\" data-e-type=\"container\" data-settings=\"{&quot;background_background&quot;:&quot;classic&quot;}\">\n\t\t\t\t\t<div class=\"e-con-inner\">\n\t\t\t\t<div class=\"elementor-element elementor-element-146538d elementor-widget elementor-widget-heading\" data-id=\"146538d\" data-element_type=\"widget\" data-e-type=\"widget\" data-widget_type=\"heading.default\">\n\t\t\t\t<div class=\"elementor-widget-container\">\n\t\t\t\t\t<h2 class=\"elementor-heading-title elementor-size-small\">\u6211\u4eec\u662f\u8c01\uff1f<\/h2>\t\t\t\t<\/div>\n\t\t\t\t<\/div>\n\t\t\t\t<div class=\"elementor-element elementor-element-a17d2c9 elementor-widget elementor-widget-text-editor\" data-id=\"a17d2c9\" data-element_type=\"widget\" data-e-type=\"widget\" data-widget_type=\"text-editor.default\">\n\t\t\t\t<div class=\"elementor-widget-container\">\n\t\t\t\t\t\t\t\t\t<div>&nbsp;<\/div>\n<div><span lang=\"ES\">\u7ecf\u8fc7 20 \u5e74\u7684\u7ecf\u9a8c\u3001\u627f\u8bfa\u548c\u5949\u732e\uff0cAlan Aldana &amp; Abogados \u6210\u4e3a\u4e86 <b>\u6587\u798f\u7279 <\/b>\u5728\u897f\u73ed\u7259\u548c\u59d4\u5185\u745e\u62c9\u63d0\u4f9b\u670d\u52a1\u3002.<\/span><\/div>\n<div>&nbsp;<\/div>\n<p>\u5728\u59d4\u5185\u745e\u62c9\uff0c\u963f\u5c14\u8fbe\u7eb3\u5f8b\u5e08\u4e8b\u52a1\u6240\u7684 VENFORT \u4e13\u4e1a\u9886\u57df\u5305\u62ec <strong>\u7ecf\u6d4e\u3001\u56fd\u9645\u548c\u516c\u53f8\u5211\u6cd5<\/strong>, \u8fd9\u4e9b\u9886\u57df\u5305\u62ec\u8003\u8651\u91c7\u53d6\u9884\u9632\u884c\u52a8\uff0c\u4ee5\u53ca\u8bf7\u6c42\u64a4\u9500\u56fd\u9645\u5211\u8b66\u7ec4\u7ec7\u9488\u5bf9\u590d\u6742\u548c\u9ad8\u77e5\u540d\u5ea6\u6848\u4ef6\u7684\u7ea2\u8272\u901a\u7f09\u4ee4\u3002.<\/p>\n<p>\u6211\u4eec\u8fd8\u64c5\u957f\u5c31\u5916\u56fd\u8d44\u4ea7\u7ba1\u5236\u5904\uff08OFAC\uff09\u5236\u88c1\u5236\u5ea6\u63d0\u4f9b\u5efa\u8bae\uff0c\u5e76\u4ee3\u7406\u897f\u73ed\u7259\u548c\u59d4\u5185\u745e\u62c9\u4e4b\u95f4\u7684\u56fd\u9645\u9057\u4ea7\u3002.<\/p>\n<p>\u5728\u9a6c\u5fb7\u91cc\u529e\u4e8b\u5904\uff0cVENFORT \u8fd8\u4e0e\u6211\u4eec\u5728\u4f26\u6566\u7684\u5408\u4f5c\u4f19\u4f34\u5408\u4f5c\uff0c\u5c31\u56fd\u9645\u4f01\u4e1a\u4ea4\u6613\u63d0\u4f9b\u6218\u7565\u6027\u6cd5\u5f8b\u548c\u7a0e\u52a1\u5efa\u8bae\uff0c\u5e2e\u52a9\u5404\u65b9\u4ee5\u6700\u4f73\u65b9\u5f0f\u5b9e\u73b0\u5176\u5546\u4e1a\u76ee\u6807\u3002.<\/p>\n<p>\u6211\u4eec\u7684\u4e1a\u52a1\u904d\u53ca\u62c9\u4e01\u7f8e\u6d32\u548c\u6b27\u6d32\uff0c\u5bf9\u8fd9\u4e24\u4e2a\u5730\u533a\u90fd\u975e\u5e38\u4e86\u89e3\uff0c\u56e0\u6b64\u80fd\u591f\u63d0\u4f9b\u5168\u9762\u7684\u670d\u52a1\u3002\u5728\u6211\u4eec\u5904\u7406\u7684\u6240\u6709\u6848\u4ef6\u4e2d\uff0c\u65f6\u95f4\u90fd\u662f\u4e00\u4e2a\u5173\u952e\u56e0\u7d20\uff0c\u800c\u6211\u4eec\u5728\u59d4\u5185\u745e\u62c9\u548c\u9a6c\u5fb7\u91cc\u529e\u4e8b\u5904\u4e4b\u95f4\u7684\u8054\u7cfb\uff0c\u4ee5\u53ca\u4e0e\u56fd\u9645\u76df\u53cb\u7684\u5173\u7cfb\uff0c\u4f7f\u6211\u4eec\u80fd\u591f\u63d0\u4f9b\u66f4\u52a0\u5feb\u6377\u7684\u670d\u52a1\u3002.<\/p>\n<p>\u6211\u4eec\u662f\u5b89\u54e5\u62c9\u3001\u8fea\u62dc\u3001\u83ab\u6851\u6bd4\u514b\u3001\u82f1\u56fd\u3001\u5df4\u62ff\u9a6c\u3001\u8461\u8404\u7259\u3001\u5b89\u9053\u5c14\u3001\u7f8e\u56fd\u3001\u54e5\u4f26\u6bd4\u4e9a\u3001\u591a\u7c73\u5c3c\u52a0\u5171\u548c\u56fd\u3001\u6bd4\u5229\u65f6\u548c\u65b0\u52a0\u5761\u7b49\u56fd\u8ba4\u53ef\u7684\u516c\u53f8\u5728\u59d4\u5185\u745e\u62c9\u548c\u897f\u73ed\u7259\u7684\u72ec\u5bb6\u4ee3\u7406\u3002.<\/p>\n<p>\u6b64\u5916\uff0c\u6211\u4eec\u5728\u59d4\u5185\u745e\u62c9\u548c\u897f\u73ed\u7259\u90fd\u6709\u6781\u8d1f\u76db\u540d\u7684\u5f8b\u5e08\u3002.<\/p>\n<p>\u6211\u4eec\u66fe\u5728\u56fd\u9645\u6cd5\u5ead\u7684\u91cd\u5927\u8bc9\u8bbc\u4e2d\u6210\u529f\u4ee3\u8868\u5ba2\u6237\u3002\u5728\u516c\u53f8\u4e8b\u52a1\u65b9\u9762\uff0c\u6211\u4eec\u627f\u62c5\u5e76\u9886\u5bfc\u4e86\u590d\u6742\u3001\u9ad8\u4ef7\u503c\u7684\u8c08\u5224\u548c\u4ea4\u6613\u3002.<\/p>\t\t\t\t\t\t\t\t<\/div>\n\t\t\t\t<\/div>\n\t\t\t\t\t<\/div>\n\t\t\t\t<\/div>\n\t\t<div class=\"elementor-element elementor-element-26a2952 e-con-full e-flex e-con e-child\" data-id=\"26a2952\" data-element_type=\"container\" data-e-type=\"container\">\n\t\t\t\t<div class=\"elementor-element elementor-element-807e277 elementor-widget-divider--view-line_text elementor-widget-divider--element-align-center elementor-widget elementor-widget-divider\" data-id=\"807e277\" data-element_type=\"widget\" data-e-type=\"widget\" data-widget_type=\"divider.default\">\n\t\t\t\t<div class=\"elementor-widget-container\">\n\t\t\t\t\t\t\t<div class=\"elementor-divider\">\n\t\t\t<span class=\"elementor-divider-separator\">\n\t\t\t\t\t\t\t<h3 class=\"elementor-divider__text elementor-divider__element\">\n\t\t\t\t\u6210\u5458\t\t\t\t<\/h3>\n\t\t\t\t\t\t<\/span>\n\t\t<\/div>\n\t\t\t\t\t\t<\/div>\n\t\t\t\t<\/div>\n\t\t\t\t<div class=\"elementor-element elementor-element-cb31639 elementor-pagination-position-outside elementor-widget elementor-widget-image-carousel\" data-id=\"cb31639\" data-element_type=\"widget\" data-e-type=\"widget\" data-settings=\"{&quot;slides_to_show&quot;:&quot;4&quot;,&quot;slides_to_scroll&quot;:&quot;1&quot;,&quot;navigation&quot;:&quot;dots&quot;,&quot;speed&quot;:250,&quot;autoplay&quot;:&quot;yes&quot;,&quot;pause_on_hover&quot;:&quot;yes&quot;,&quot;pause_on_interaction&quot;:&quot;yes&quot;,&quot;autoplay_speed&quot;:5000,&quot;infinite&quot;:&quot;yes&quot;}\" data-widget_type=\"image-carousel.default\">\n\t\t\t\t<div class=\"elementor-widget-container\">\n\t\t\t\t\t\t\t<div class=\"elementor-image-carousel-wrapper swiper\" role=\"region\" aria-roledescription=\"carousel\" aria-label=\"\u56fe\u50cf\u65cb\u8f6c\u6728\u9a6c\" dir=\"ltr\">\n\t\t\t<div class=\"elementor-image-carousel swiper-wrapper\" aria-live=\"off\">\n\t\t\t\t\t\t\t\t<div class=\"swiper-slide\" role=\"group\" aria-roledescription=\"slide\" aria-label=\"6 \u092e\u0947\u0902 \u0938\u0947 1\"><figure class=\"swiper-slide-inner\"><img decoding=\"async\" class=\"swiper-slide-image\" src=\"https:\/\/venfort.com\/wp-content\/uploads\/elementor\/thumbs\/WCA_Org_Asoc_-q9r02w6zq6jf64pi07dm0lfvu1lng6c01b2mptkzjw.png\" alt=\"\u4e16\u754c\u5408\u89c4\u534f\u4f1a\" \/><\/figure><\/div><div class=\"swiper-slide\" role=\"group\" aria-roledescription=\"slide\" aria-label=\"6 \u092e\u0947\u0902 \u0938\u0947 2\"><figure class=\"swiper-slide-inner\"><img decoding=\"async\" class=\"swiper-slide-image\" src=\"https:\/\/venfort.com\/wp-content\/uploads\/elementor\/thumbs\/LOGO-CCCS-azul-osc-modif-2022-qae0s0gc4ltux2ftjqfvkb8h6tyi8pqtpj7m7rpyhg.png\" alt=\"LOGO-CCCS-azul-osc-modif-2022\" \/><\/figure><\/div><div class=\"swiper-slide\" role=\"group\" aria-roledescription=\"slide\" aria-label=\"6 \u092e\u0947\u0902 \u0938\u0947 3\"><figure class=\"swiper-slide-inner\"><img decoding=\"async\" class=\"swiper-slide-image\" src=\"https:\/\/venfort.com\/wp-content\/uploads\/elementor\/thumbs\/IABA_2-qae2audesow066sldfof0h4gnzpb93f58x7a0uf7ow.png\" alt=\"IABA_2\" \/><\/figure><\/div><div class=\"swiper-slide\" role=\"group\" aria-roledescription=\"slide\" aria-label=\"6 \u092e\u0947\u0902 \u0938\u0947 4\"><figure class=\"swiper-slide-inner\"><img decoding=\"async\" class=\"swiper-slide-image\" src=\"https:\/\/venfort.com\/wp-content\/uploads\/elementor\/thumbs\/SVC-qae0s717gg2v6c69hba9jrkpcj22qlgy2fs0kpg6wk.png\" alt=\"\u4ea4\u6362\u865a\u7535\u8def\" \/><\/figure><\/div><div class=\"swiper-slide\" role=\"group\" aria-roledescription=\"slide\" aria-label=\"6 \u092e\u0947\u0902 \u0938\u0947 5\"><figure class=\"swiper-slide-inner\"><img decoding=\"async\" class=\"swiper-slide-image\" src=\"https:\/\/venfort.com\/wp-content\/uploads\/elementor\/thumbs\/LOGOS-COLEGIO-ABOGADOS-CARACAS-q6uwyfqulbgjjxc6kgw7n8vm092f4wr05u4f5xwk34.jpg\" alt=\"\u52a0\u62c9\u52a0\u65af\u6770\u51fa\u5f8b\u5e08\u534f\u4f1a\" \/><\/figure><\/div><div class=\"swiper-slide\" role=\"group\" aria-roledescription=\"slide\" aria-label=\"6 \u092e\u0947\u0902 \u0938\u0947 6\"><figure class=\"swiper-slide-inner\"><img decoding=\"async\" class=\"swiper-slide-image\" src=\"https:\/\/venfort.com\/wp-content\/uploads\/elementor\/thumbs\/curso-de-acceso-a-la-abogacia-icam-qae0rq441ffpdcuu83yzavuenldgw1ls0419xq5ar8.png\" alt=\"\u8bbf\u95ee\u6cd5\u5ead\u8bfe\u7a0b\u5f55\u50cf\u673a\" \/><\/figure><\/div>\t\t\t<\/div>\n\t\t\t\t\t\t\t\n\t\t\t\t\t\t\t\t\t<div class=\"swiper-pagination\"><\/div>\n\t\t\t\t\t\t\t\t\t<\/div>\n\t\t\t\t\t\t<\/div>\n\t\t\t\t<\/div>\n\t\t\t\t<\/div>\n\t\t\t\t\t<\/div>\n\t\t\t\t<\/div>\n\t\t<div class=\"elementor-element elementor-element-a45b11a e-flex e-con-boxed e-con e-parent\" data-id=\"a45b11a\" data-element_type=\"container\" data-e-type=\"container\" data-settings=\"{&quot;background_background&quot;:&quot;classic&quot;}\">\n\t\t\t\t\t<div class=\"e-con-inner\">\n\t\t<div class=\"elementor-element elementor-element-ba283d0 e-con-full e-flex e-con e-child\" data-id=\"ba283d0\" data-element_type=\"container\" data-e-type=\"container\">\n\t\t\t\t<div class=\"elementor-element elementor-element-26d90e2 elementor-widget elementor-widget-heading\" data-id=\"26d90e2\" data-element_type=\"widget\" data-e-type=\"widget\" data-widget_type=\"heading.default\">\n\t\t\t\t<div class=\"elementor-widget-container\">\n\t\t\t\t\t<h2 class=\"elementor-heading-title elementor-size-default\">\u4fdd\u5bc6\u6027\u3001\u6709\u6548\u6027<br \/>\u548c\u627f\u8bfa<\/h2>\t\t\t\t<\/div>\n\t\t\t\t<\/div>\n\t\t\t\t<div class=\"elementor-element elementor-element-28a50ac elementor-widget elementor-widget-button\" data-id=\"28a50ac\" data-element_type=\"widget\" data-e-type=\"widget\" data-widget_type=\"button.default\">\n\t\t\t\t<div class=\"elementor-widget-container\">\n\t\t\t\t\t\t\t\t\t<div class=\"elementor-button-wrapper\">\n\t\t\t\t\t<a class=\"elementor-button elementor-button-link elementor-size-lg\" href=\"\/zh\/%e8%81%94%e7%b3%bb\/\">\n\t\t\t\t\t\t<span class=\"elementor-button-content-wrapper\">\n\t\t\t\t\t\t<span class=\"elementor-button-icon\">\n\t\t\t\t<i aria-hidden=\"true\" class=\"far fa-comment\"><\/i>\t\t\t<\/span>\n\t\t\t\t\t\t\t\t\t<span class=\"elementor-button-text\">\u8054\u7cfb\u6211\u4eec<\/span>\n\t\t\t\t\t<\/span>\n\t\t\t\t\t<\/a>\n\t\t\t\t<\/div>\n\t\t\t\t\t\t\t\t<\/div>\n\t\t\t\t<\/div>\n\t\t\t\t<\/div>\n\t\t\t\t\t<\/div>\n\t\t\t\t<\/div>\n\t\t\t\t<\/div>","protected":false},"excerpt":{"rendered":"<p>VENFORT ABOGADOS \u00bfQui\u00e9nes somos? &nbsp; Despu\u00e9s de 20 a\u00f1os de experiencia, compromiso y dedicaci\u00f3n, Alan Aldana &amp; Abogados se convierte en VENFORT para ofrecer sus servicios en Espa\u00f1a y Venezuela. &nbsp; En Venezuela, VENFORT by Aldana Abogados se ha especializado en derecho penal econ\u00f3mico, penal internacional y corporativo, \u00e1reas dentro de las cuales incluye el [&hellip;]<\/p>\n","protected":false},"author":1,"featured_media":1605,"parent":0,"menu_order":0,"comment_status":"closed","ping_status":"closed","template":"","meta":{"inline_featured_image":false,"ocean_post_layout":"","ocean_both_sidebars_style":"","ocean_both_sidebars_content_width":0,"ocean_both_sidebars_sidebars_width":0,"ocean_sidebar":"0","ocean_second_sidebar":"0","ocean_disable_margins":"enable","ocean_add_body_class":"","ocean_shortcode_before_top_bar":"","ocean_shortcode_after_top_bar":"","ocean_shortcode_before_header":"","ocean_shortcode_after_header":"","ocean_has_shortcode":"","ocean_shortcode_after_title":"","ocean_shortcode_before_footer_widgets":"","ocean_shortcode_after_footer_widgets":"","ocean_shortcode_before_footer_bottom":"","ocean_shortcode_after_footer_bottom":"","ocean_display_top_bar":"default","ocean_display_header":"default","ocean_header_style":"","ocean_center_header_left_menu":"0","ocean_custom_header_template":"0","ocean_custom_logo":0,"ocean_custom_retina_logo":0,"ocean_custom_logo_max_width":0,"ocean_custom_logo_tablet_max_width":0,"ocean_custom_logo_mobile_max_width":0,"ocean_custom_logo_max_height":0,"ocean_custom_logo_tablet_max_height":0,"ocean_custom_logo_mobile_max_height":0,"ocean_header_custom_menu":"0","ocean_menu_typo_font_family":"0","ocean_menu_typo_font_subset":"","ocean_menu_typo_font_size":0,"ocean_menu_typo_font_size_tablet":0,"ocean_menu_typo_font_size_mobile":0,"ocean_menu_typo_font_size_unit":"px","ocean_menu_typo_font_weight":"","ocean_menu_typo_font_weight_tablet":"","ocean_menu_typo_font_weight_mobile":"","ocean_menu_typo_transform":"","ocean_menu_typo_transform_tablet":"","ocean_menu_typo_transform_mobile":"","ocean_menu_typo_line_height":0,"ocean_menu_typo_line_height_tablet":0,"ocean_menu_typo_line_height_mobile":0,"ocean_menu_typo_line_height_unit":"","ocean_menu_typo_spacing":0,"ocean_menu_typo_spacing_tablet":0,"ocean_menu_typo_spacing_mobile":0,"ocean_menu_typo_spacing_unit":"","ocean_menu_link_color":"","ocean_menu_link_color_hover":"","ocean_menu_link_color_active":"","ocean_menu_link_background":"","ocean_menu_link_hover_background":"","ocean_menu_link_active_background":"","ocean_menu_social_links_bg":"","ocean_menu_social_hover_links_bg":"","ocean_menu_social_links_color":"","ocean_menu_social_hover_links_color":"","ocean_disable_title":"default","ocean_disable_heading":"default","ocean_post_title":"","ocean_post_subheading":"","ocean_post_title_style":"","ocean_post_title_background_color":"","ocean_post_title_background":0,"ocean_post_title_bg_image_position":"","ocean_post_title_bg_image_attachment":"","ocean_post_title_bg_image_repeat":"","ocean_post_title_bg_image_size":"","ocean_post_title_height":0,"ocean_post_title_bg_overlay":0.5,"ocean_post_title_bg_overlay_color":"","ocean_disable_breadcrumbs":"default","ocean_breadcrumbs_color":"","ocean_breadcrumbs_separator_color":"","ocean_breadcrumbs_links_color":"","ocean_breadcrumbs_links_hover_color":"","ocean_display_footer_widgets":"default","ocean_display_footer_bottom":"default","ocean_custom_footer_template":"0","omw_enable_modal_window":"enable","footnotes":""},"class_list":["post-316","page","type-page","status-publish","has-post-thumbnail","hentry","entry","has-media"],"yoast_head":"<!-- This site is optimized with the Yoast SEO plugin v27.3 - https:\/\/yoast.com\/product\/yoast-seo-wordpress\/ -->\n<title>Historia - VENFORT By Alan Aldana &amp; Abogados<\/title>\n<meta name=\"description\" content=\"Tras 20 a\u00f1os de historia VENFORT by Aldana Abogados se ha especializado en derecho penal econ\u00f3mico, penal internacional y corporativo.\" \/>\n<meta name=\"robots\" content=\"index, follow, max-snippet:-1, max-image-preview:large, max-video-preview:-1\" \/>\n<link rel=\"canonical\" href=\"https:\/\/venfort.com\/zh\/\u5386\u53f2\/\" \/>\n<meta property=\"og:locale\" content=\"zh_CN\" \/>\n<meta property=\"og:type\" content=\"article\" \/>\n<meta property=\"og:title\" content=\"Historia - VENFORT By Alan Aldana &amp; Abogados\" \/>\n<meta property=\"og:description\" content=\"Tras 20 a\u00f1os de historia VENFORT by Aldana Abogados se ha especializado en derecho penal econ\u00f3mico, penal internacional y corporativo.\" \/>\n<meta property=\"og:url\" content=\"https:\/\/venfort.com\/zh\/\u5386\u53f2\/\" \/>\n<meta property=\"og:site_name\" content=\"Venfort\" \/>\n<meta property=\"article:publisher\" content=\"https:\/\/www.facebook.com\/venfortyabogados\" \/>\n<meta property=\"article:modified_time\" content=\"2026-01-29T12:11:46+00:00\" \/>\n<meta property=\"og:image\" content=\"https:\/\/venfort.com\/wp-content\/uploads\/Venfort_Contacto_100kb.jpg\" \/>\n\t<meta property=\"og:image:width\" content=\"1920\" \/>\n\t<meta property=\"og:image:height\" content=\"1080\" \/>\n\t<meta property=\"og:image:type\" content=\"image\/jpeg\" \/>\n<meta name=\"twitter:card\" content=\"summary_large_image\" \/>\n<meta name=\"twitter:site\" content=\"@Venfortabogados\" \/>\n<meta name=\"twitter:label1\" content=\"\u9884\u8ba1\u9605\u8bfb\u65f6\u95f4\" \/>\n\t<meta name=\"twitter:data1\" content=\"4 \u5206\" \/>\n<script type=\"application\/ld+json\" class=\"yoast-schema-graph\">{\"@context\":\"https:\\\/\\\/schema.org\",\"@graph\":[{\"@type\":\"WebPage\",\"@id\":\"https:\\\/\\\/venfort.com\\\/es\\\/historia\\\/\",\"url\":\"https:\\\/\\\/venfort.com\\\/es\\\/historia\\\/\",\"name\":\"Historia - VENFORT By Alan Aldana & Abogados\",\"isPartOf\":{\"@id\":\"https:\\\/\\\/venfort.com\\\/#website\"},\"primaryImageOfPage\":{\"@id\":\"https:\\\/\\\/venfort.com\\\/es\\\/historia\\\/#primaryimage\"},\"image\":{\"@id\":\"https:\\\/\\\/venfort.com\\\/es\\\/historia\\\/#primaryimage\"},\"thumbnailUrl\":\"https:\\\/\\\/venfort.com\\\/wp-content\\\/uploads\\\/Venfort_Contacto_100kb.jpg\",\"datePublished\":\"2023-05-22T03:56:58+00:00\",\"dateModified\":\"2026-01-29T12:11:46+00:00\",\"description\":\"Tras 20 a\u00f1os de historia VENFORT by Aldana Abogados se ha especializado en derecho penal econ\u00f3mico, penal internacional y corporativo.\",\"breadcrumb\":{\"@id\":\"https:\\\/\\\/venfort.com\\\/es\\\/historia\\\/#breadcrumb\"},\"inLanguage\":\"zh-Hans\",\"potentialAction\":[{\"@type\":\"ReadAction\",\"target\":[\"https:\\\/\\\/venfort.com\\\/es\\\/historia\\\/\"]}]},{\"@type\":\"ImageObject\",\"inLanguage\":\"zh-Hans\",\"@id\":\"https:\\\/\\\/venfort.com\\\/es\\\/historia\\\/#primaryimage\",\"url\":\"https:\\\/\\\/venfort.com\\\/wp-content\\\/uploads\\\/Venfort_Contacto_100kb.jpg\",\"contentUrl\":\"https:\\\/\\\/venfort.com\\\/wp-content\\\/uploads\\\/Venfort_Contacto_100kb.jpg\",\"width\":1920,\"height\":1080,\"caption\":\"VENFORT\"},{\"@type\":\"BreadcrumbList\",\"@id\":\"https:\\\/\\\/venfort.com\\\/es\\\/historia\\\/#breadcrumb\",\"itemListElement\":[{\"@type\":\"ListItem\",\"position\":1,\"name\":\"Portada\",\"item\":\"https:\\\/\\\/venfort.com\\\/\"},{\"@type\":\"ListItem\",\"position\":2,\"name\":\"Historia\"}]},{\"@type\":\"WebSite\",\"@id\":\"https:\\\/\\\/venfort.com\\\/#website\",\"url\":\"https:\\\/\\\/venfort.com\\\/\",\"name\":\"Venfort\",\"description\":\"Firma de Abogados | Derecho Penal Econ\u00f3mico, Derecho Penal Internacional, Derecho de Empresas, Derecho Financiero, Derecho Administrativo, Derecho Civil y Sucesiones Internacionales\",\"publisher\":{\"@id\":\"https:\\\/\\\/venfort.com\\\/#organization\"},\"alternateName\":\"VENFORT\",\"potentialAction\":[{\"@type\":\"SearchAction\",\"target\":{\"@type\":\"EntryPoint\",\"urlTemplate\":\"https:\\\/\\\/venfort.com\\\/?s={search_term_string}\"},\"query-input\":{\"@type\":\"PropertyValueSpecification\",\"valueRequired\":true,\"valueName\":\"search_term_string\"}}],\"inLanguage\":\"zh-Hans\"},{\"@type\":\"Organization\",\"@id\":\"https:\\\/\\\/venfort.com\\\/#organization\",\"name\":\"Venfort Abogados\",\"alternateName\":\"VENFORT\",\"url\":\"https:\\\/\\\/venfort.com\\\/\",\"logo\":{\"@type\":\"ImageObject\",\"inLanguage\":\"zh-Hans\",\"@id\":\"https:\\\/\\\/venfort.com\\\/#\\\/schema\\\/logo\\\/image\\\/\",\"url\":\"https:\\\/\\\/venfort.com\\\/wp-content\\\/uploads\\\/2026\\\/03\\\/Logo_Venfort_Horizontal_Color.png\",\"contentUrl\":\"https:\\\/\\\/venfort.com\\\/wp-content\\\/uploads\\\/2026\\\/03\\\/Logo_Venfort_Horizontal_Color.png\",\"width\":1000,\"height\":237,\"caption\":\"Venfort Abogados\"},\"image\":{\"@id\":\"https:\\\/\\\/venfort.com\\\/#\\\/schema\\\/logo\\\/image\\\/\"},\"sameAs\":[\"https:\\\/\\\/www.facebook.com\\\/venfortyabogados\",\"https:\\\/\\\/x.com\\\/Venfortabogados\",\"https:\\\/\\\/www.linkedin.com\\\/company\\\/venfort-aldana-abogados\",\"https:\\\/\\\/www.instagram.com\\\/venfortabogados\"]}]}<\/script>\n<!-- \/ Yoast SEO plugin. -->","yoast_head_json":{"title":"\u5386\u53f2 - VENFORT By Alan Aldana &amp; Abogados","description":"\u7ecf\u8fc7 20 \u5e74\u7684\u53d1\u5c55\uff0cVENFORT by Aldana Abogados \u4e13\u6ce8\u4e8e\u7ecf\u6d4e\u5211\u6cd5\u3001\u56fd\u9645\u5211\u6cd5\u548c\u516c\u53f8\u6cd5\u3002.","robots":{"index":"index","follow":"follow","max-snippet":"max-snippet:-1","max-image-preview":"max-image-preview:large","max-video-preview":"max-video-preview:-1"},"canonical":"https:\/\/venfort.com\/zh\/\u5386\u53f2\/","og_locale":"zh_CN","og_type":"article","og_title":"Historia - VENFORT By Alan Aldana & Abogados","og_description":"Tras 20 a\u00f1os de historia VENFORT by Aldana Abogados se ha especializado en derecho penal econ\u00f3mico, penal internacional y corporativo.","og_url":"https:\/\/venfort.com\/zh\/\u5386\u53f2\/","og_site_name":"Venfort","article_publisher":"https:\/\/www.facebook.com\/venfortyabogados","article_modified_time":"2026-01-29T12:11:46+00:00","og_image":[{"width":1920,"height":1080,"url":"https:\/\/venfort.com\/wp-content\/uploads\/Venfort_Contacto_100kb.jpg","type":"image\/jpeg"}],"twitter_card":"summary_large_image","twitter_site":"@Venfortabogados","twitter_misc":{"\u9884\u8ba1\u9605\u8bfb\u65f6\u95f4":"4 \u5206"},"schema":{"@context":"https:\/\/schema.org","@graph":[{"@type":"WebPage","@id":"https:\/\/venfort.com\/es\/historia\/","url":"https:\/\/venfort.com\/es\/historia\/","name":"\u5386\u53f2 - VENFORT By Alan Aldana &amp; Abogados","isPartOf":{"@id":"https:\/\/venfort.com\/#website"},"primaryImageOfPage":{"@id":"https:\/\/venfort.com\/es\/historia\/#primaryimage"},"image":{"@id":"https:\/\/venfort.com\/es\/historia\/#primaryimage"},"thumbnailUrl":"https:\/\/venfort.com\/wp-content\/uploads\/Venfort_Contacto_100kb.jpg","datePublished":"2023-05-22T03:56:58+00:00","dateModified":"2026-01-29T12:11:46+00:00","description":"\u7ecf\u8fc7 20 \u5e74\u7684\u53d1\u5c55\uff0cVENFORT by Aldana Abogados \u4e13\u6ce8\u4e8e\u7ecf\u6d4e\u5211\u6cd5\u3001\u56fd\u9645\u5211\u6cd5\u548c\u516c\u53f8\u6cd5\u3002.","breadcrumb":{"@id":"https:\/\/venfort.com\/es\/historia\/#breadcrumb"},"inLanguage":"zh-Hans","potentialAction":[{"@type":"ReadAction","target":["https:\/\/venfort.com\/es\/historia\/"]}]},{"@type":"ImageObject","inLanguage":"zh-Hans","@id":"https:\/\/venfort.com\/es\/historia\/#primaryimage","url":"https:\/\/venfort.com\/wp-content\/uploads\/Venfort_Contacto_100kb.jpg","contentUrl":"https:\/\/venfort.com\/wp-content\/uploads\/Venfort_Contacto_100kb.jpg","width":1920,"height":1080,"caption":"VENFORT"},{"@type":"BreadcrumbList","@id":"https:\/\/venfort.com\/es\/historia\/#breadcrumb","itemListElement":[{"@type":"ListItem","position":1,"name":"Portada","item":"https:\/\/venfort.com\/"},{"@type":"ListItem","position":2,"name":"Historia"}]},{"@type":"WebSite","@id":"https:\/\/venfort.com\/#website","url":"https:\/\/venfort.com\/","name":"\u6587\u798f\u7279","description":"\u5f8b\u5e08\u4e8b\u52a1\u6240 : \u7ecf\u6d4e\u5211\u6cd5\u3001\u56fd\u9645\u5211\u6cd5\u3001\u516c\u53f8\u6cd5\u3001\u91d1\u878d\u6cd5\u3001\u884c\u653f\u6cd5\u3001\u6c11\u6cd5\u548c\u56fd\u9645\u7ee7\u627f\u6cd5","publisher":{"@id":"https:\/\/venfort.com\/#organization"},"alternateName":"VENFORT","potentialAction":[{"@type":"SearchAction","target":{"@type":"EntryPoint","urlTemplate":"https:\/\/venfort.com\/?s={search_term_string}"},"query-input":{"@type":"PropertyValueSpecification","valueRequired":true,"valueName":"search_term_string"}}],"inLanguage":"zh-Hans"},{"@type":"Organization","@id":"https:\/\/venfort.com\/#organization","name":"\u6587\u798f\u7279\u5f8b\u5e08\u4e8b\u52a1\u6240","alternateName":"VENFORT","url":"https:\/\/venfort.com\/","logo":{"@type":"ImageObject","inLanguage":"zh-Hans","@id":"https:\/\/venfort.com\/#\/schema\/logo\/image\/","url":"https:\/\/venfort.com\/wp-content\/uploads\/2026\/03\/Logo_Venfort_Horizontal_Color.png","contentUrl":"https:\/\/venfort.com\/wp-content\/uploads\/2026\/03\/Logo_Venfort_Horizontal_Color.png","width":1000,"height":237,"caption":"Venfort Abogados"},"image":{"@id":"https:\/\/venfort.com\/#\/schema\/logo\/image\/"},"sameAs":["https:\/\/www.facebook.com\/venfortyabogados","https:\/\/x.com\/Venfortabogados","https:\/\/www.linkedin.com\/company\/venfort-aldana-abogados","https:\/\/www.instagram.com\/venfortabogados"]}]}},"_links":{"self":[{"href":"https:\/\/venfort.com\/zh\/wp-json\/wp\/v2\/pages\/316","targetHints":{"allow":["GET"]}}],"collection":[{"href":"https:\/\/venfort.com\/zh\/wp-json\/wp\/v2\/pages"}],"about":[{"href":"https:\/\/venfort.com\/zh\/wp-json\/wp\/v2\/types\/page"}],"author":[{"embeddable":true,"href":"https:\/\/venfort.com\/zh\/wp-json\/wp\/v2\/users\/1"}],"replies":[{"embeddable":true,"href":"https:\/\/venfort.com\/zh\/wp-json\/wp\/v2\/comments?post=316"}],"version-history":[{"count":8,"href":"https:\/\/venfort.com\/zh\/wp-json\/wp\/v2\/pages\/316\/revisions"}],"predecessor-version":[{"id":4453,"href":"https:\/\/venfort.com\/zh\/wp-json\/wp\/v2\/pages\/316\/revisions\/4453"}],"wp:featuredmedia":[{"embeddable":true,"href":"https:\/\/venfort.com\/zh\/wp-json\/wp\/v2\/media\/1605"}],"wp:attachment":[{"href":"https:\/\/venfort.com\/zh\/wp-json\/wp\/v2\/media?parent=316"}],"curies":[{"name":"wp","href":"https:\/\/api.w.org\/{rel}","templated":true}]}}