{"id":3751,"date":"2024-11-06T13:37:46","date_gmt":"2024-11-06T17:37:46","guid":{"rendered":"https:\/\/venfort.com\/?page_id=3751"},"modified":"2024-11-06T14:32:36","modified_gmt":"2024-11-06T18:32:36","slug":"%e7%bb%8f%e6%b5%8e%e6%b3%95%e5%92%8c%e5%9b%bd%e9%99%85%e5%88%91%e6%b3%95","status":"publish","type":"page","link":"https:\/\/venfort.com\/zh\/servicios\/derecho-penal-economico-y-penal-internacional\/","title":{"rendered":"\u7ecf\u6d4e\u548c\u56fd\u9645\u5211\u6cd5"},"content":{"rendered":"<div data-elementor-type=\"wp-page\" data-elementor-id=\"3751\" class=\"elementor elementor-3751\">\n\t\t\t\t<div class=\"elementor-element elementor-element-c48d734 e-con-full e-flex e-con e-parent\" data-id=\"c48d734\" data-element_type=\"container\" data-e-type=\"container\" data-settings=\"{&quot;background_background&quot;:&quot;classic&quot;}\">\n\t\t<div class=\"elementor-element elementor-element-a8982e5 e-con-full e-flex e-con e-child\" data-id=\"a8982e5\" data-element_type=\"container\" data-e-type=\"container\">\n\t\t\t\t<\/div>\n\t\t<div class=\"elementor-element elementor-element-ec950f0 e-con-full animated-slow e-flex elementor-invisible e-con e-child\" data-id=\"ec950f0\" data-element_type=\"container\" data-e-type=\"container\" data-settings=\"{&quot;background_background&quot;:&quot;classic&quot;,&quot;animation&quot;:&quot;slideInRight&quot;,&quot;animation_delay&quot;:300}\">\n\t\t\t\t<div class=\"elementor-element elementor-element-8960759 elementor-widget elementor-widget-heading\" data-id=\"8960759\" data-element_type=\"widget\" data-e-type=\"widget\" data-widget_type=\"heading.default\">\n\t\t\t\t<div class=\"elementor-widget-container\">\n\t\t\t\t\t<h1 class=\"elementor-heading-title elementor-size-default\">\u670d\u52a1<\/h1>\t\t\t\t<\/div>\n\t\t\t\t<\/div>\n\t\t\t\t<\/div>\n\t\t\t\t<\/div>\n\t\t<div class=\"elementor-element elementor-element-458e889 e-flex e-con-boxed e-con e-parent\" data-id=\"458e889\" data-element_type=\"container\" data-e-type=\"container\">\n\t\t\t\t\t<div class=\"e-con-inner\">\n\t\t<div class=\"elementor-element elementor-element-2d78a04 e-flex e-con-boxed e-con e-child\" data-id=\"2d78a04\" data-element_type=\"container\" data-e-type=\"container\" data-settings=\"{&quot;background_background&quot;:&quot;classic&quot;}\">\n\t\t\t\t\t<div class=\"e-con-inner\">\n\t\t\t\t<div class=\"elementor-element elementor-element-2843ee8 elementor-widget elementor-widget-heading\" data-id=\"2843ee8\" data-element_type=\"widget\" data-e-type=\"widget\" data-widget_type=\"heading.default\">\n\t\t\t\t<div class=\"elementor-widget-container\">\n\t\t\t\t\t<h2 class=\"elementor-heading-title elementor-size-small\">\u7ecf\u6d4e\u548c\u56fd\u9645\u5211\u6cd5<\/h2>\t\t\t\t<\/div>\n\t\t\t\t<\/div>\n\t\t\t\t<div class=\"elementor-element elementor-element-f631fbe elementor-widget elementor-widget-text-editor\" data-id=\"f631fbe\" data-element_type=\"widget\" data-e-type=\"widget\" data-widget_type=\"text-editor.default\">\n\t\t\t\t<div class=\"elementor-widget-container\">\n\t\t\t\t\t\t\t\t\t<p><\/p><p>\u201c<em>\u8bbe\u8ba1\u9632\u5fa1\u548c\u8fdb\u653b\u6218\u7565\u7684\u4e13\u5bb6\uff0c\u5728\u4e3a\u79c1\u4eba\u5ba2\u6237\u8fdb\u884c\u5ba1\u5224\u548c\u89e3\u51b3\u4e89\u8bae\u65b9\u9762\u6210\u529f\u7387\u5f88\u9ad8\u201d\u3002\u201d<\/em><\/p><p><\/p><p>\u6211\u4eec\u5728\u897f\u73ed\u7259\u548c\u59d4\u5185\u745e\u62c9\u62e5\u6709\u4e00\u652f\u62e5\u6709 20 \u591a\u5e74\u7ecf\u9a8c\u7684\u5211\u4e8b\u5f8b\u5e08\u56e2\u961f\u3002\u6211\u4eec\u66fe\u5728\u8fd9\u4e24\u4e2a\u56fd\u5bb6\u4e3a\u6211\u4eec\u7684\u5ba2\u6237\u5728\u4ee5\u4e0b\u9886\u57df\u6709\u6548\u5730\u9886\u5bfc\u4e86\u5907\u53d7\u77a9\u76ee\u7684\u8bc9\u8bbc\u7a0b\u5e8f <strong>\u7ecf\u6d4e\u5211\u6cd5\u548c\u56fd\u9645\u5211\u6cd5<\/strong>, \u6211\u4eec\u7684\u56e2\u961f\u7531\u9876\u5c16\u7684\u51fa\u5ead\u5f8b\u5e08\u548c\u524d\u68c0\u5bdf\u5b98\u7ec4\u6210\uff0c\u5728\u8fd9\u4e9b\u6848\u4ef6\u4e2d\u8868\u73b0\u7a81\u51fa\u3002.<\/p><p><\/p><p><\/p><p>\u6211\u4eec\u662f\u4ee3\u8868\u63a5\u53d7\u56fd\u9645\u6cd5\u5ead\u8c03\u67e5\u7684\u53d7\u5bb3\u8005\u548c\u516c\u6c11\u7684\u4e13\u5bb6\u3002.<\/p><p><\/p><p><\/p><p>\u6211\u4eec\u7684\u5ba2\u6237\u5305\u62ec\u91d1\u878d\u673a\u6784\u3001\u8de8\u56fd\u516c\u53f8\u548c\u5927\u4f7f\u9986\u7684\u9ad8\u7ba1\u3002.<\/p><p><\/p><p><\/p><h3 style=\"text-align: left;\">1.- \u7ecf\u6d4e\u72af\u7f6a\u7684\u8fa9\u62a4\u548c\u8d77\u8bc9<\/h3><p><\/p><p><\/p><ul class=\"wp-block-list\"><li style=\"list-style-type: none;\"><ul class=\"wp-block-list\"><li>\u7a0e\u52a1\u72af\u7f6a\uff08\u9488\u5bf9\u56fd\u5e93\u3001\u793e\u4f1a\u4fdd\u969c\u548c\u8865\u8d34\u6b3a\u8bc8\uff09<\/li><\/ul><\/li><\/ul><p> <\/p><ul class=\"wp-block-list\"><li style=\"list-style-type: none;\"><ul class=\"wp-block-list\"><li>\u6b3a\u8bc8\u548c\u5176\u4ed6\u4fb5\u72af\u8d22\u4ea7\u7f6a\uff08\u632a\u7528\u548c\u6b3a\u8bc8\uff09<\/li><\/ul><\/li><\/ul><p> <\/p><ul class=\"wp-block-list\"><li style=\"list-style-type: none;\"><ul class=\"wp-block-list\"><li>\u5e94\u4e88\u60e9\u5904\u7684\u7834\u4ea7\u7f6a\uff08\u5c06\u7834\u4ea7\u548c\u7834\u4ea7\u7a0b\u5e8f\u5b9a\u4e3a\u5211\u4e8b\u72af\u7f6a\uff09<\/li><\/ul><\/li><\/ul><p> <\/p><ul class=\"wp-block-list\"><li style=\"list-style-type: none;\"><ul class=\"wp-block-list\"><li>\u516c\u5171\u548c\u79c1\u4eba\u8150\u8d25\u72af\u7f6a<\/li><\/ul><\/li><\/ul><p> <\/p><ul class=\"wp-block-list\"><li style=\"list-style-type: none;\"><ul class=\"wp-block-list\"><li>\u516c\u53f8\u72af\u7f6a\uff08\u4e0d\u516c\u5e73\u6216\u6b3a\u8bc8\u6027\u7ba1\u7406\u3001\u6ee5\u7528\u534f\u8bae\u3001\u4fb5\u72af\u80a1\u4e1c\u7684\u653f\u6cbb\u548c\u793e\u4f1a\u6743\u5229\u3001\u4f1a\u8ba1\u72af\u7f6a\uff09\u3002<\/li><\/ul><\/li><\/ul><p> <\/p><ul class=\"wp-block-list\"><li style=\"list-style-type: none;\"><ul class=\"wp-block-list\"><li>\u6d17\u94b1\u6216\u6d17\u94b1\u7f6a<\/li><\/ul><\/li><\/ul><p> <\/p><ul class=\"wp-block-list\"><li style=\"list-style-type: none;\"><ul class=\"wp-block-list\"><li>\u4fb5\u72af\u5de5\u4eba\u6743\u5229\u7684\u7f6a\u884c<\/li><\/ul><\/li><\/ul><p> <\/p><ul class=\"wp-block-list\"><li style=\"list-style-type: none;\"><ul class=\"wp-block-list\"><li>\u77e5\u8bc6\u4ea7\u6743\u72af\u7f6a<\/li><\/ul><\/li><\/ul><p> <\/p><ul class=\"wp-block-list\"><li style=\"list-style-type: none;\"><ul class=\"wp-block-list\"><li>\u5e02\u573a\u548c\u6d88\u8d39\u8005\u72af\u7f6a<\/li><\/ul><\/li><\/ul><p> <\/p><ul class=\"wp-block-list\"><li style=\"list-style-type: none;\"><ul class=\"wp-block-list\"><li>\u73af\u5883\u548c\u57ce\u5e02\u89c4\u5212\u72af\u7f6a<\/li><\/ul><\/li><\/ul><p> <\/p><ul class=\"wp-block-list\"><li style=\"list-style-type: none;\"><ul class=\"wp-block-list\"><li>\u635f\u5bb3\u540d\u8a89\u7f6a<\/li><\/ul><\/li><\/ul><p> <\/p><ul class=\"wp-block-list\"><li style=\"list-style-type: none;\"><ul class=\"wp-block-list\"><li>\u6cd5\u4eba\u7684\u5211\u4e8b\u8d23\u4efb<\/li><\/ul><\/li><\/ul><p><\/p><p><\/p><p><\/p><h3>2. - \u56fd\u9645\u5211\u6cd5<\/h3><p><\/p><p><\/p><ul class=\"wp-block-list\"><li style=\"list-style-type: none;\"><ul class=\"wp-block-list\"><li>\u5728\u56fd\u9645\u5211\u4e8b\u6cd5\u9662\u7684\u8bc9\u8bbc\u7a0b\u5e8f\u4e2d\u4e3a\u53d7\u5bb3\u8005\u548c\u88ab\u8c03\u67e5\u8005\u63d0\u4f9b\u54a8\u8be2\u548c\u4ee3\u7406\u670d\u52a1\u3002<\/li><\/ul><\/li><\/ul><p> <\/p><ul class=\"wp-block-list\"><li style=\"list-style-type: none;\"><ul class=\"wp-block-list\"><li>\u5728\u7f8e\u6d32\u4eba\u6743\u6cd5\u9662\u62c5\u4efb\u4ee3\u8868<\/li><\/ul><\/li><\/ul><p> <\/p><ul class=\"wp-block-list\"><li style=\"list-style-type: none;\"><ul class=\"wp-block-list\"><li>\u5728\u6b27\u6d32\u4eba\u6743\u6cd5\u9662\u63d0\u4f9b\u54a8\u8be2\u548c\u4ee3\u7406\u670d\u52a1<\/li><\/ul><\/li><\/ul><p><\/p><p><\/p><p><\/p><h3 style=\"text-align: left;\">3.- \u5f15\u6e21\u7a0b\u5e8f\u548c\u6b27\u6d32\u902e\u6355\u4ee4\uff08EIDE\uff09<\/h3><p><\/p><p><\/p><h3 style=\"text-align: left;\">4.- \u56fd\u9645\u5211\u8b66\u7ec4\u7ec7\u7684\u902e\u6355\u4ee4\u548c\u9884\u9632\u884c\u52a8<\/h3><p><\/p><p><\/p><h3 style=\"text-align: left;\">5. \u56fd\u9645\u53f8\u6cd5\u534f\u52a9\u7a0b\u5e8f\u00a0\u00a0<\/h3><p><\/p><p><\/p><ul class=\"wp-block-list\"><li style=\"list-style-type: none;\"><ul class=\"wp-block-list\"><li>(\u8d44\u4ea7\u8ffd\u8e2a\u548c\u8ffd\u56de\u3001\u8c03\u67e5\u59d4\u6258\u4e66\u3001\u5224\u51b3\u7684\u6267\u884c\uff09<\/li><\/ul><\/li><\/ul><p><\/p><p><\/p><p><\/p><p><\/p>\t\t\t\t\t\t\t\t<\/div>\n\t\t\t\t<\/div>\n\t\t<div class=\"elementor-element elementor-element-aca7b20 e-con-full e-flex e-con e-child\" data-id=\"aca7b20\" data-element_type=\"container\" data-e-type=\"container\">\n\t\t\t\t<div class=\"elementor-element elementor-element-529b790 premium-lq__none elementor-widget elementor-widget-premium-addon-button\" data-id=\"529b790\" data-element_type=\"widget\" data-e-type=\"widget\" data-widget_type=\"premium-addon-button.default\">\n\t\t\t\t<div class=\"elementor-widget-container\">\n\t\t\t\t\t\n\n\t\t<a class=\"premium-button premium-button-none premium-btn-lg premium-button-none\" href=\"https:\/\/venfort.com\/zh\/%e8%81%94%e7%b3%bb\/\">\n\t\t\t<div class=\"premium-button-text-icon-wrapper\">\n\t\t\t\t\n\t\t\t\t\t\t\t\t\t<span >\n\t\t\t\t\t\t\u8054\u7cfb\u6211\u4eec\t\t\t\t\t<\/span>\n\t\t\t\t\t\t\t<\/div>\n\n\t\t\t\n\t\t\t\n\t\t\t\n\t\t<\/a>\n\n\n\t\t\t\t\t\t<\/div>\n\t\t\t\t<\/div>\n\t\t\t\t<\/div>\n\t\t\t\t\t<\/div>\n\t\t\t\t<\/div>\n\t\t\t\t\t<\/div>\n\t\t\t\t<\/div>\n\t\t\t\t<\/div>","protected":false},"excerpt":{"rendered":"<p>SERVICIOS Derecho penal econ\u00f3mico y penal internacional \u201cExpertos en dise\u00f1ar estrategias defensivas y ofensiva, con un gran porcentaje de \u00e9xito en juicios y resoluci\u00f3n de conflictos para clientes privados\u201d Contamos con un equipo de penalistas en Espa\u00f1a y Venezuela con m\u00e1s de 20 a\u00f1os de trayectoria. Hemos liderado con efectividad procesos de alto perfil en [&hellip;]<\/p>\n","protected":false},"author":1,"featured_media":2717,"parent":496,"menu_order":0,"comment_status":"closed","ping_status":"closed","template":"elementor_header_footer","meta":{"inline_featured_image":false,"ocean_post_layout":"","ocean_both_sidebars_style":"","ocean_both_sidebars_content_width":0,"ocean_both_sidebars_sidebars_width":0,"ocean_sidebar":"","ocean_second_sidebar":"","ocean_disable_margins":"enable","ocean_add_body_class":"","ocean_shortcode_before_top_bar":"","ocean_shortcode_after_top_bar":"","ocean_shortcode_before_header":"","ocean_shortcode_after_header":"","ocean_has_shortcode":"","ocean_shortcode_after_title":"","ocean_shortcode_before_footer_widgets":"","ocean_shortcode_after_footer_widgets":"","ocean_shortcode_before_footer_bottom":"","ocean_shortcode_after_footer_bottom":"","ocean_display_top_bar":"default","ocean_display_header":"default","ocean_header_style":"","ocean_center_header_left_menu":"","ocean_custom_header_template":"","ocean_custom_logo":0,"ocean_custom_retina_logo":0,"ocean_custom_logo_max_width":0,"ocean_custom_logo_tablet_max_width":0,"ocean_custom_logo_mobile_max_width":0,"ocean_custom_logo_max_height":0,"ocean_custom_logo_tablet_max_height":0,"ocean_custom_logo_mobile_max_height":0,"ocean_header_custom_menu":"","ocean_menu_typo_font_family":"","ocean_menu_typo_font_subset":"","ocean_menu_typo_font_size":0,"ocean_menu_typo_font_size_tablet":0,"ocean_menu_typo_font_size_mobile":0,"ocean_menu_typo_font_size_unit":"px","ocean_menu_typo_font_weight":"","ocean_menu_typo_font_weight_tablet":"","ocean_menu_typo_font_weight_mobile":"","ocean_menu_typo_transform":"","ocean_menu_typo_transform_tablet":"","ocean_menu_typo_transform_mobile":"","ocean_menu_typo_line_height":0,"ocean_menu_typo_line_height_tablet":0,"ocean_menu_typo_line_height_mobile":0,"ocean_menu_typo_line_height_unit":"","ocean_menu_typo_spacing":0,"ocean_menu_typo_spacing_tablet":0,"ocean_menu_typo_spacing_mobile":0,"ocean_menu_typo_spacing_unit":"","ocean_menu_link_color":"","ocean_menu_link_color_hover":"","ocean_menu_link_color_active":"","ocean_menu_link_background":"","ocean_menu_link_hover_background":"","ocean_menu_link_active_background":"","ocean_menu_social_links_bg":"","ocean_menu_social_hover_links_bg":"","ocean_menu_social_links_color":"","ocean_menu_social_hover_links_color":"","ocean_disable_title":"default","ocean_disable_heading":"default","ocean_post_title":"","ocean_post_subheading":"","ocean_post_title_style":"","ocean_post_title_background_color":"","ocean_post_title_background":0,"ocean_post_title_bg_image_position":"","ocean_post_title_bg_image_attachment":"","ocean_post_title_bg_image_repeat":"","ocean_post_title_bg_image_size":"","ocean_post_title_height":0,"ocean_post_title_bg_overlay":0.5,"ocean_post_title_bg_overlay_color":"","ocean_disable_breadcrumbs":"default","ocean_breadcrumbs_color":"","ocean_breadcrumbs_separator_color":"","ocean_breadcrumbs_links_color":"","ocean_breadcrumbs_links_hover_color":"","ocean_display_footer_widgets":"default","ocean_display_footer_bottom":"default","ocean_custom_footer_template":"","omw_enable_modal_window":"enable","footnotes":""},"class_list":["post-3751","page","type-page","status-publish","has-post-thumbnail","hentry","entry","has-media"],"yoast_head":"<!-- This site is optimized with the Yoast SEO plugin v27.4 - https:\/\/yoast.com\/product\/yoast-seo-wordpress\/ -->\n<title>Derecho penal econ\u00f3mico y penal internacional - VENFORT<\/title>\n<meta name=\"description\" content=\"En derecho penal econ\u00f3mico y penal internacional, contamos con un equipo en Espa\u00f1a y Venezuela con m\u00e1s de 20 a\u00f1os de trayectoria.\" \/>\n<meta name=\"robots\" content=\"index, follow, max-snippet:-1, max-image-preview:large, max-video-preview:-1\" \/>\n<link rel=\"canonical\" href=\"https:\/\/venfort.com\/zh\/\u670d\u52a1\/\u7ecf\u6d4e\u6cd5\u548c\u56fd\u9645\u5211\u6cd5\/\" \/>\n<meta property=\"og:locale\" content=\"zh_CN\" \/>\n<meta property=\"og:type\" content=\"article\" \/>\n<meta property=\"og:title\" content=\"Derecho penal econ\u00f3mico y penal internacional - VENFORT\" \/>\n<meta property=\"og:description\" content=\"En derecho penal econ\u00f3mico y penal internacional, contamos con un equipo en Espa\u00f1a y Venezuela con m\u00e1s de 20 a\u00f1os de trayectoria.\" \/>\n<meta property=\"og:url\" content=\"https:\/\/venfort.com\/zh\/\u670d\u52a1\/\u7ecf\u6d4e\u6cd5\u548c\u56fd\u9645\u5211\u6cd5\/\" \/>\n<meta property=\"og:site_name\" content=\"Venfort\" \/>\n<meta property=\"article:publisher\" content=\"https:\/\/www.facebook.com\/venfortyabogados\" \/>\n<meta property=\"article:modified_time\" content=\"2024-11-06T18:32:36+00:00\" \/>\n<meta property=\"og:image\" content=\"https:\/\/venfort.com\/wp-content\/uploads\/2018\/02\/investigacion-preliminar-corte-penal-internacional.jpg\" \/>\n\t<meta property=\"og:image:width\" content=\"1280\" \/>\n\t<meta property=\"og:image:height\" content=\"876\" \/>\n\t<meta property=\"og:image:type\" content=\"image\/jpeg\" \/>\n<meta name=\"twitter:card\" content=\"summary_large_image\" \/>\n<meta name=\"twitter:site\" content=\"@Venfortabogados\" \/>\n<meta name=\"twitter:label1\" content=\"\u9884\u8ba1\u9605\u8bfb\u65f6\u95f4\" \/>\n\t<meta name=\"twitter:data1\" content=\"2 \u5206\" \/>\n<script type=\"application\/ld+json\" class=\"yoast-schema-graph\">{\"@context\":\"https:\\\/\\\/schema.org\",\"@graph\":[{\"@type\":\"WebPage\",\"@id\":\"https:\\\/\\\/venfort.com\\\/es\\\/servicios\\\/derecho-penal-economico-y-penal-internacional\\\/\",\"url\":\"https:\\\/\\\/venfort.com\\\/es\\\/servicios\\\/derecho-penal-economico-y-penal-internacional\\\/\",\"name\":\"Derecho penal econ\u00f3mico y penal internacional - VENFORT\",\"isPartOf\":{\"@id\":\"https:\\\/\\\/venfort.com\\\/#website\"},\"primaryImageOfPage\":{\"@id\":\"https:\\\/\\\/venfort.com\\\/es\\\/servicios\\\/derecho-penal-economico-y-penal-internacional\\\/#primaryimage\"},\"image\":{\"@id\":\"https:\\\/\\\/venfort.com\\\/es\\\/servicios\\\/derecho-penal-economico-y-penal-internacional\\\/#primaryimage\"},\"thumbnailUrl\":\"https:\\\/\\\/venfort.com\\\/wp-content\\\/uploads\\\/2018\\\/02\\\/investigacion-preliminar-corte-penal-internacional.jpg\",\"datePublished\":\"2024-11-06T17:37:46+00:00\",\"dateModified\":\"2024-11-06T18:32:36+00:00\",\"description\":\"En derecho penal econ\u00f3mico y penal internacional, contamos con un equipo en Espa\u00f1a y Venezuela con m\u00e1s de 20 a\u00f1os de trayectoria.\",\"breadcrumb\":{\"@id\":\"https:\\\/\\\/venfort.com\\\/es\\\/servicios\\\/derecho-penal-economico-y-penal-internacional\\\/#breadcrumb\"},\"inLanguage\":\"zh-Hans\",\"potentialAction\":[{\"@type\":\"ReadAction\",\"target\":[\"https:\\\/\\\/venfort.com\\\/es\\\/servicios\\\/derecho-penal-economico-y-penal-internacional\\\/\"]}]},{\"@type\":\"ImageObject\",\"inLanguage\":\"zh-Hans\",\"@id\":\"https:\\\/\\\/venfort.com\\\/es\\\/servicios\\\/derecho-penal-economico-y-penal-internacional\\\/#primaryimage\",\"url\":\"https:\\\/\\\/venfort.com\\\/wp-content\\\/uploads\\\/2018\\\/02\\\/investigacion-preliminar-corte-penal-internacional.jpg\",\"contentUrl\":\"https:\\\/\\\/venfort.com\\\/wp-content\\\/uploads\\\/2018\\\/02\\\/investigacion-preliminar-corte-penal-internacional.jpg\",\"width\":1280,\"height\":876,\"caption\":\"corte penal internacional\"},{\"@type\":\"BreadcrumbList\",\"@id\":\"https:\\\/\\\/venfort.com\\\/es\\\/servicios\\\/derecho-penal-economico-y-penal-internacional\\\/#breadcrumb\",\"itemListElement\":[{\"@type\":\"ListItem\",\"position\":1,\"name\":\"Portada\",\"item\":\"https:\\\/\\\/venfort.com\\\/\"},{\"@type\":\"ListItem\",\"position\":2,\"name\":\"Servicios\",\"item\":\"https:\\\/\\\/venfort.com\\\/es\\\/servicios\\\/\"},{\"@type\":\"ListItem\",\"position\":3,\"name\":\"Derecho penal econ\u00f3mico y penal internacional\"}]},{\"@type\":\"WebSite\",\"@id\":\"https:\\\/\\\/venfort.com\\\/#website\",\"url\":\"https:\\\/\\\/venfort.com\\\/\",\"name\":\"Venfort\",\"description\":\"Firma de Abogados | Derecho Penal Econ\u00f3mico, Derecho Penal Internacional, Derecho de Empresas, Derecho Financiero, Derecho Administrativo, Derecho Civil y Sucesiones Internacionales\",\"publisher\":{\"@id\":\"https:\\\/\\\/venfort.com\\\/#organization\"},\"alternateName\":\"VENFORT\",\"potentialAction\":[{\"@type\":\"SearchAction\",\"target\":{\"@type\":\"EntryPoint\",\"urlTemplate\":\"https:\\\/\\\/venfort.com\\\/?s={search_term_string}\"},\"query-input\":{\"@type\":\"PropertyValueSpecification\",\"valueRequired\":true,\"valueName\":\"search_term_string\"}}],\"inLanguage\":\"zh-Hans\"},{\"@type\":\"Organization\",\"@id\":\"https:\\\/\\\/venfort.com\\\/#organization\",\"name\":\"Venfort Abogados\",\"alternateName\":\"VENFORT\",\"url\":\"https:\\\/\\\/venfort.com\\\/\",\"logo\":{\"@type\":\"ImageObject\",\"inLanguage\":\"zh-Hans\",\"@id\":\"https:\\\/\\\/venfort.com\\\/#\\\/schema\\\/logo\\\/image\\\/\",\"url\":\"https:\\\/\\\/venfort.com\\\/wp-content\\\/uploads\\\/2026\\\/03\\\/Logo_Venfort_Horizontal_Color.png\",\"contentUrl\":\"https:\\\/\\\/venfort.com\\\/wp-content\\\/uploads\\\/2026\\\/03\\\/Logo_Venfort_Horizontal_Color.png\",\"width\":1000,\"height\":237,\"caption\":\"Venfort Abogados\"},\"image\":{\"@id\":\"https:\\\/\\\/venfort.com\\\/#\\\/schema\\\/logo\\\/image\\\/\"},\"sameAs\":[\"https:\\\/\\\/www.facebook.com\\\/venfortyabogados\",\"https:\\\/\\\/x.com\\\/Venfortabogados\",\"https:\\\/\\\/www.linkedin.com\\\/company\\\/venfort-aldana-abogados\",\"https:\\\/\\\/www.instagram.com\\\/venfortabogados\"]}]}<\/script>\n<!-- \/ Yoast SEO plugin. -->","yoast_head_json":{"title":"\u7ecf\u6d4e\u6cd5\u548c\u56fd\u9645\u5211\u6cd5 - VENFORT","description":"\u5728\u7ecf\u6d4e\u5211\u6cd5\u548c\u56fd\u9645\u5211\u6cd5\u65b9\u9762\uff0c\u6211\u4eec\u5728\u897f\u73ed\u7259\u548c\u59d4\u5185\u745e\u62c9\u62e5\u6709\u4e00\u652f\u62e5\u6709 20 \u591a\u5e74\u7ecf\u9a8c\u7684\u56e2\u961f\u3002.","robots":{"index":"index","follow":"follow","max-snippet":"max-snippet:-1","max-image-preview":"max-image-preview:large","max-video-preview":"max-video-preview:-1"},"canonical":"https:\/\/venfort.com\/zh\/\u670d\u52a1\/\u7ecf\u6d4e\u6cd5\u548c\u56fd\u9645\u5211\u6cd5\/","og_locale":"zh_CN","og_type":"article","og_title":"Derecho penal econ\u00f3mico y penal internacional - VENFORT","og_description":"En derecho penal econ\u00f3mico y penal internacional, contamos con un equipo en Espa\u00f1a y Venezuela con m\u00e1s de 20 a\u00f1os de trayectoria.","og_url":"https:\/\/venfort.com\/zh\/\u670d\u52a1\/\u7ecf\u6d4e\u6cd5\u548c\u56fd\u9645\u5211\u6cd5\/","og_site_name":"Venfort","article_publisher":"https:\/\/www.facebook.com\/venfortyabogados","article_modified_time":"2024-11-06T18:32:36+00:00","og_image":[{"width":1280,"height":876,"url":"https:\/\/venfort.com\/wp-content\/uploads\/2018\/02\/investigacion-preliminar-corte-penal-internacional.jpg","type":"image\/jpeg"}],"twitter_card":"summary_large_image","twitter_site":"@Venfortabogados","twitter_misc":{"\u9884\u8ba1\u9605\u8bfb\u65f6\u95f4":"2 \u5206"},"schema":{"@context":"https:\/\/schema.org","@graph":[{"@type":"WebPage","@id":"https:\/\/venfort.com\/es\/servicios\/derecho-penal-economico-y-penal-internacional\/","url":"https:\/\/venfort.com\/es\/servicios\/derecho-penal-economico-y-penal-internacional\/","name":"\u7ecf\u6d4e\u6cd5\u548c\u56fd\u9645\u5211\u6cd5 - VENFORT","isPartOf":{"@id":"https:\/\/venfort.com\/#website"},"primaryImageOfPage":{"@id":"https:\/\/venfort.com\/es\/servicios\/derecho-penal-economico-y-penal-internacional\/#primaryimage"},"image":{"@id":"https:\/\/venfort.com\/es\/servicios\/derecho-penal-economico-y-penal-internacional\/#primaryimage"},"thumbnailUrl":"https:\/\/venfort.com\/wp-content\/uploads\/2018\/02\/investigacion-preliminar-corte-penal-internacional.jpg","datePublished":"2024-11-06T17:37:46+00:00","dateModified":"2024-11-06T18:32:36+00:00","description":"\u5728\u7ecf\u6d4e\u5211\u6cd5\u548c\u56fd\u9645\u5211\u6cd5\u65b9\u9762\uff0c\u6211\u4eec\u5728\u897f\u73ed\u7259\u548c\u59d4\u5185\u745e\u62c9\u62e5\u6709\u4e00\u652f\u62e5\u6709 20 \u591a\u5e74\u7ecf\u9a8c\u7684\u56e2\u961f\u3002.","breadcrumb":{"@id":"https:\/\/venfort.com\/es\/servicios\/derecho-penal-economico-y-penal-internacional\/#breadcrumb"},"inLanguage":"zh-Hans","potentialAction":[{"@type":"ReadAction","target":["https:\/\/venfort.com\/es\/servicios\/derecho-penal-economico-y-penal-internacional\/"]}]},{"@type":"ImageObject","inLanguage":"zh-Hans","@id":"https:\/\/venfort.com\/es\/servicios\/derecho-penal-economico-y-penal-internacional\/#primaryimage","url":"https:\/\/venfort.com\/wp-content\/uploads\/2018\/02\/investigacion-preliminar-corte-penal-internacional.jpg","contentUrl":"https:\/\/venfort.com\/wp-content\/uploads\/2018\/02\/investigacion-preliminar-corte-penal-internacional.jpg","width":1280,"height":876,"caption":"corte penal internacional"},{"@type":"BreadcrumbList","@id":"https:\/\/venfort.com\/es\/servicios\/derecho-penal-economico-y-penal-internacional\/#breadcrumb","itemListElement":[{"@type":"ListItem","position":1,"name":"Portada","item":"https:\/\/venfort.com\/"},{"@type":"ListItem","position":2,"name":"Servicios","item":"https:\/\/venfort.com\/es\/servicios\/"},{"@type":"ListItem","position":3,"name":"Derecho penal econ\u00f3mico y penal internacional"}]},{"@type":"WebSite","@id":"https:\/\/venfort.com\/#website","url":"https:\/\/venfort.com\/","name":"\u6587\u798f\u7279","description":"\u5f8b\u5e08\u4e8b\u52a1\u6240 : \u7ecf\u6d4e\u5211\u6cd5\u3001\u56fd\u9645\u5211\u6cd5\u3001\u516c\u53f8\u6cd5\u3001\u91d1\u878d\u6cd5\u3001\u884c\u653f\u6cd5\u3001\u6c11\u6cd5\u548c\u56fd\u9645\u7ee7\u627f\u6cd5","publisher":{"@id":"https:\/\/venfort.com\/#organization"},"alternateName":"VENFORT","potentialAction":[{"@type":"SearchAction","target":{"@type":"EntryPoint","urlTemplate":"https:\/\/venfort.com\/?s={search_term_string}"},"query-input":{"@type":"PropertyValueSpecification","valueRequired":true,"valueName":"search_term_string"}}],"inLanguage":"zh-Hans"},{"@type":"Organization","@id":"https:\/\/venfort.com\/#organization","name":"\u6587\u798f\u7279\u5f8b\u5e08\u4e8b\u52a1\u6240","alternateName":"VENFORT","url":"https:\/\/venfort.com\/","logo":{"@type":"ImageObject","inLanguage":"zh-Hans","@id":"https:\/\/venfort.com\/#\/schema\/logo\/image\/","url":"https:\/\/venfort.com\/wp-content\/uploads\/2026\/03\/Logo_Venfort_Horizontal_Color.png","contentUrl":"https:\/\/venfort.com\/wp-content\/uploads\/2026\/03\/Logo_Venfort_Horizontal_Color.png","width":1000,"height":237,"caption":"Venfort Abogados"},"image":{"@id":"https:\/\/venfort.com\/#\/schema\/logo\/image\/"},"sameAs":["https:\/\/www.facebook.com\/venfortyabogados","https:\/\/x.com\/Venfortabogados","https:\/\/www.linkedin.com\/company\/venfort-aldana-abogados","https:\/\/www.instagram.com\/venfortabogados"]}]}},"_links":{"self":[{"href":"https:\/\/venfort.com\/zh\/wp-json\/wp\/v2\/pages\/3751","targetHints":{"allow":["GET"]}}],"collection":[{"href":"https:\/\/venfort.com\/zh\/wp-json\/wp\/v2\/pages"}],"about":[{"href":"https:\/\/venfort.com\/zh\/wp-json\/wp\/v2\/types\/page"}],"author":[{"embeddable":true,"href":"https:\/\/venfort.com\/zh\/wp-json\/wp\/v2\/users\/1"}],"replies":[{"embeddable":true,"href":"https:\/\/venfort.com\/zh\/wp-json\/wp\/v2\/comments?post=3751"}],"version-history":[{"count":11,"href":"https:\/\/venfort.com\/zh\/wp-json\/wp\/v2\/pages\/3751\/revisions"}],"predecessor-version":[{"id":3789,"href":"https:\/\/venfort.com\/zh\/wp-json\/wp\/v2\/pages\/3751\/revisions\/3789"}],"up":[{"embeddable":true,"href":"https:\/\/venfort.com\/zh\/wp-json\/wp\/v2\/pages\/496"}],"wp:featuredmedia":[{"embeddable":true,"href":"https:\/\/venfort.com\/zh\/wp-json\/wp\/v2\/media\/2717"}],"wp:attachment":[{"href":"https:\/\/venfort.com\/zh\/wp-json\/wp\/v2\/media?parent=3751"}],"curies":[{"name":"wp","href":"https:\/\/api.w.org\/{rel}","templated":true}]}}